{"id":11687,"date":"2023-01-13T11:56:08","date_gmt":"2023-01-13T16:56:08","guid":{"rendered":"https:\/\/www.och-lco.ca\/safety\/"},"modified":"2026-04-15T08:56:25","modified_gmt":"2026-04-15T12:56:25","slug":"securite","status":"publish","type":"page","link":"https:\/\/www.och-lco.ca\/fr\/locataire\/securite\/","title":{"rendered":"S\u00e9curit\u00e9"},"content":{"rendered":"\n<section class=\"section section--impact-area alignfull\" >\n  <div class=\"grid-container full fade-up-and-in\">\n    <div class=\"grid-x\">\n      <div class=\"cell medium-6\">\n                  <div class=\"impact-cell-inner text\">\n                          <h1>S\u00e9curit\u00e9<\/h1>\n                                      <h3>B\u00e2tir la confiance et travailler avec les partenaires<\/h3>\n                                  <\/div>\n              <\/div>\n      <div class=\"cell medium-6\">\n                            <div class=\"impact-cell-inner image\">\n            <div class=\"impact-image\" style=\"background-image: url(https:\/\/www.och-lco.ca\/wp-content\/uploads\/2025\/01\/Patrol-Car-and-Staff-1920x1440.jpeg); background-position: center center; background-size: cover; background-repeat: no-repeat;\"><\/div>\n          <\/div>\n                        <\/div>\n    <\/div>\n  <\/div>\n<\/section>\n\n\n\n<section class=\"section section--text-block alignfull bg-white\" >\n  <div class=\"grid-container\">\n    <div class=\"grid-x grid-padding-x align-middle \">\n      <div class=\"cell text-left\">\n                              <h2>Votre s\u00e9curit\u00e9<\/h2>\n                                            <div >\n            <p><img loading=\"lazy\" decoding=\"async\" class=\"alignleft wp-image-18950 \" src=\"https:\/\/www.och-lco.ca\/wp-content\/uploads\/2025\/10\/CSS-Patch-Photo.jpeg\" alt=\"Photo of the CSS Patch\" width=\"401\" height=\"301\" srcset=\"https:\/\/www.och-lco.ca\/wp-content\/uploads\/2025\/10\/CSS-Patch-Photo.jpeg 1999w, https:\/\/www.och-lco.ca\/wp-content\/uploads\/2025\/10\/CSS-Patch-Photo-300x225.jpeg 300w, https:\/\/www.och-lco.ca\/wp-content\/uploads\/2025\/10\/CSS-Patch-Photo-1024x768.jpeg 1024w, https:\/\/www.och-lco.ca\/wp-content\/uploads\/2025\/10\/CSS-Patch-Photo-768x576.jpeg 768w, https:\/\/www.och-lco.ca\/wp-content\/uploads\/2025\/10\/CSS-Patch-Photo-1536x1153.jpeg 1536w, https:\/\/www.och-lco.ca\/wp-content\/uploads\/2025\/10\/CSS-Patch-Photo-1920x1441.jpeg 1920w\" sizes=\"auto, (max-width: 401px) 100vw, 401px\" \/><\/p>\n<p>LCO sait que la participation des locataires est essentielle \u00e0 l\u2019\u00e9volution constante des communaut\u00e9s, et les modifications r\u00e9centes apport\u00e9es \u00e0 la prestation des services de s\u00e9curit\u00e9 aux locataires le confirment. LCO engage les communaut\u00e9s, accentue la communication entre le personnel et les locataires, permet aux locataires de participer largement aux solutions de s\u00e9curit\u00e9, et les communaut\u00e9s sont maintenant des endroits o\u00f9 les r\u00e9sidents appr\u00e9cient davantage leur foyer et le quartier.<\/p>\n<p>Le personnel des SSC patrouille r\u00e9guli\u00e8rement \u00e0 pied, r\u00e9pond aux plaintes, proc\u00e8de \u00e0 des v\u00e9rifications de la s\u00e9curit\u00e9 communautaire et dans les immeubles. Il doit prendre des notes et susciter l\u2019\u00e9change de renseignements. La formation actuelle du personnel des SSC inclut la compr\u00e9hension des enjeux de la sant\u00e9 mentale et de la toxicomanie, des questions de comportement et le r\u00e8glement des diff\u00e9rends \u2013 des outils cruciaux pour obtenir les meilleurs r\u00e9sultats. La collaboration des Services de s\u00e9curit\u00e9 communautaire et des locataires a am\u00e9lior\u00e9 la s\u00e9curit\u00e9 des communaut\u00e9s.<\/p>\n<p>Vous aimeriez rejoindre l\u2019\u00e9quipe de la s\u00e9curit\u00e9 communautaire? Surveillez les\u00a0<a href=\"https:\/\/www.och-lco.ca\/fr\/joignez-vous-equipe\/\">postes vacants<\/a>.<\/p>\n<p>&nbsp;<\/p>\n          <\/div>\n                      <\/div>\n    <\/div>\n  <\/div>\n<\/section>\n\n\n\n<section class=\"section section--case-studies alignfull\" >\n  <div class=\"grid-container\">\n    <div class=\"grid-x grid-padding-x\">\n      <div class=\"cell case-studies-title\">\n                                      <h2>Qui dois-je appeler?<\/h2>\n                        <\/div>\n      <div class=\"cell medium-4\">\n                    <ul class=\"case-studies-nav\">\n                            <li><a href=\"#cas-de-securite-non-urgents\" class=\"is-active\">CAS DE S\u00c9CURIT\u00c9 NON URGENTS<\/a><\/li>\n                              <li><a href=\"#situations-durgence-ou-une-vie-est-en-danger\" >SITUATIONS D\u2019URGENCE O\u00d9 UNE VIE EST EN DANGER<\/a><\/li>\n                              <li><a href=\"#plaintes-liees-au-stationnement-au-bruit-et-aux-animaux-de-compagnie\" >PLAINTES LI\u00c9ES AU STATIONNEMENT, AU BRUIT ET AUX ANIMAUX DE COMPAGNIE<\/a><\/li>\n                              <li><a href=\"#echec-au-crime\" >\u00c9CHEC AU CRIME<\/a><\/li>\n                          <\/ul>\n                  <\/div>\n      <div class=\"cell medium-8\">\n                    <div class=\"case-studies-wrapper\">\n                            <div class=\"case-study-single is-active\" data-case-study=\"cas-de-securite-non-urgents\" id=\"cas-de-securite-non-urgents\">\n                  <h3>CAS DE S\u00c9CURIT\u00c9 NON URGENTS<\/h3>\n                                    <p>Communiquez avec les Services de s\u00e9curit\u00e9 communautaire (SSC) de LCO au\u00a0<strong><span class=\"baec5a81-e4d6-4674-97f3-e9220f0136c1\">613-731-1182<a href=\"https:\/\/www.och-lco.ca\/fr\/votre-securite\/#\"><img decoding=\"async\" src=\"https:\/\/www.och-lco.ca\/fr\/votre-securite\/image\/png;base64,iVBORw0KGgoAAAANSUhEUgAAABAAAAAQCAYAAAAf8\/9hAAABcklEQVR4XpXTPUvDUBTH4aR2c2hBQXGpTiIORhBcBOvgYKf0Awi+4Ggr1MVPIIrYdnEpShddHIyLi6AVXVxsRRDRwbi4KNgu4lCIv8i\/i6QRDzycy+09555LqOl5nhEUptPoJe1iDHU8oYlrlDw79m4QEbSLPexzsIc8hDRm8YBjLpj4q8EgxQdab+MNd4ghhQ2adIc1+ORAFEnWWfTDRp7GDfImlsIavKALLuqoqMGUCs4wHtagiQ5uc8kDyCOBKlP1k78QNTOZnMXCQRxWsbjl6iuskV41SQG2Gj9rikvcR1WcgKFDBa1LOEUK56hqv8BUFV3SGWkVS9JQ6Dsv4wQ1DKMPORUvkm78BhdQMI1CTa5I0yrcwSFqFD+SZ7DQesIkCG5S\/JpkHYERQRmuNsrZ7Grc+Ef8\/Bcoslkfae8Wc7CUHZ++TuAEBj86pHntjaDKXllPy6PW\/gkKFaThwp\/K87N8hDcQTTKKFTioSxqB8Q2BNX5JtAljwgAAAABJRU5ErkJggg==\" alt=\"\" \/><\/a><\/span><\/strong>, jour et nuit, pour tous les cas de s\u00e9curit\u00e9 non urgents. Les travailleurs de la s\u00e9curit\u00e9 communautaire sont de service 24 heures sur 24.<\/p>\n                                  <\/div>\n                              <div class=\"case-study-single \" data-case-study=\"situations-durgence-ou-une-vie-est-en-danger\" id=\"situations-durgence-ou-une-vie-est-en-danger\">\n                  <h3>SITUATIONS D\u2019URGENCE O\u00d9 UNE VIE EST EN DANGER<\/h3>\n                                    <p>Composez le\u00a0<strong>9-1-1<\/strong>\u00a0pour toutes les situations o\u00f9 une vie est en danger. T\u00e9l\u00e9phonez au\u00a0<strong><span class=\"baec5a81-e4d6-4674-97f3-e9220f0136c1\">613-230-6211<a href=\"https:\/\/www.och-lco.ca\/fr\/votre-securite\/#\"><img decoding=\"async\" src=\"https:\/\/www.och-lco.ca\/fr\/votre-securite\/image\/png;base64,iVBORw0KGgoAAAANSUhEUgAAABAAAAAQCAYAAAAf8\/9hAAABcklEQVR4XpXTPUvDUBTH4aR2c2hBQXGpTiIORhBcBOvgYKf0Awi+4Ggr1MVPIIrYdnEpShddHIyLi6AVXVxsRRDRwbi4KNgu4lCIv8i\/i6QRDzycy+09555LqOl5nhEUptPoJe1iDHU8oYlrlDw79m4QEbSLPexzsIc8hDRm8YBjLpj4q8EgxQdab+MNd4ghhQ2adIc1+ORAFEnWWfTDRp7GDfImlsIavKALLuqoqMGUCs4wHtagiQ5uc8kDyCOBKlP1k78QNTOZnMXCQRxWsbjl6iuskV41SQG2Gj9rikvcR1WcgKFDBa1LOEUK56hqv8BUFV3SGWkVS9JQ6Dsv4wQ1DKMPORUvkm78BhdQMI1CTa5I0yrcwSFqFD+SZ7DQesIkCG5S\/JpkHYERQRmuNsrZ7Grc+Ef8\/Bcoslkfae8Wc7CUHZ++TuAEBj86pHntjaDKXllPy6PW\/gkKFaThwp\/K87N8hDcQTTKKFTioSxqB8Q2BNX5JtAljwgAAAABJRU5ErkJggg==\" alt=\"\" \/><\/a><\/span><\/strong>\u00a0pour toutes les autres urgences.\u00a0Communiquez avec votre\u00a0<a href=\"https:\/\/www.och-lco.ca\/communiquez-avec-nous\/?lang=fr\" rel=\"noopener noreferrer\">agent au service des locataires et des communaut\u00e9s (ALC)<\/a>\u00a0si vous avez besoin de services apr\u00e8s crise.<\/p>\n<p>Lorsqu\u2019il est s\u00e9curitaire de le faire, t\u00e9l\u00e9phonez aux Services de s\u00e9curit\u00e9 communautaire de LCO au\u00a0<strong><span class=\"baec5a81-e4d6-4674-97f3-e9220f0136c1\">613-731-1182.<\/span><\/strong><\/p>\n                                  <\/div>\n                              <div class=\"case-study-single \" data-case-study=\"plaintes-liees-au-stationnement-au-bruit-et-aux-animaux-de-compagnie\" id=\"plaintes-liees-au-stationnement-au-bruit-et-aux-animaux-de-compagnie\">\n                  <h3>PLAINTES LI\u00c9ES AU STATIONNEMENT, AU BRUIT ET AUX ANIMAUX DE COMPAGNIE<\/h3>\n                                    <p>Les Services de s\u00e9curit\u00e9 communautaire de LCO sont votre premier point de contact. Pour formuler une plainte li\u00e9e au stationnement, au bruit ou aux animaux de compagnie, t\u00e9l\u00e9phonez-nous au\u00a0<strong><span class=\"baec5a81-e4d6-4674-97f3-e9220f0136c1\">613-731-1182<\/span><\/strong><strong><span class=\"baec5a81-e4d6-4674-97f3-e9220f0136c1\"><a href=\"https:\/\/www.och-lco.ca\/fr\/votre-securite\/#\"><img decoding=\"async\" src=\"https:\/\/www.och-lco.ca\/fr\/votre-securite\/image\/png;base64,iVBORw0KGgoAAAANSUhEUgAAABAAAAAQCAYAAAAf8\/9hAAABcklEQVR4XpXTPUvDUBTH4aR2c2hBQXGpTiIORhBcBOvgYKf0Awi+4Ggr1MVPIIrYdnEpShddHIyLi6AVXVxsRRDRwbi4KNgu4lCIv8i\/i6QRDzycy+09555LqOl5nhEUptPoJe1iDHU8oYlrlDw79m4QEbSLPexzsIc8hDRm8YBjLpj4q8EgxQdab+MNd4ghhQ2adIc1+ORAFEnWWfTDRp7GDfImlsIavKALLuqoqMGUCs4wHtagiQ5uc8kDyCOBKlP1k78QNTOZnMXCQRxWsbjl6iuskV41SQG2Gj9rikvcR1WcgKFDBa1LOEUK56hqv8BUFV3SGWkVS9JQ6Dsv4wQ1DKMPORUvkm78BhdQMI1CTa5I0yrcwSFqFD+SZ7DQesIkCG5S\/JpkHYERQRmuNsrZ7Grc+Ef8\/Bcoslkfae8Wc7CUHZ++TuAEBj86pHntjaDKXllPy6PW\/gkKFaThwp\/K87N8hDcQTTKKFTioSxqB8Q2BNX5JtAljwgAAAABJRU5ErkJggg==\" alt=\"\" \/><\/a><\/span><\/strong>.<\/p>\n<p>Vous pouvez \u00e9galement composer le\u00a0<strong>3-1-1<\/strong>\u00a0pour joindre les Services des r\u00e8glements municipaux. Vous pouvez consulter la description de tous les r\u00e8glements municipaux de la Ville d\u2019Ottawa sur son\u00a0<a href=\"http:\/\/ottawa.ca\/fr\/residents\/reglements-licences-et-permis\/reglements\">site Web<\/a>.<\/p>\n                                  <\/div>\n                              <div class=\"case-study-single \" data-case-study=\"echec-au-crime\" id=\"echec-au-crime\">\n                  <h3>\u00c9CHEC AU CRIME<\/h3>\n                                    <p><strong>Appelez <a href=\"http:\/\/crimestoppers.ca\/\">\u00c9chec au crime\u00a0<\/a><\/strong><span class=\"baec5a81-e4d6-4674-97f3-e9220f0136c1\">1-800-222-TIPS<\/span> (8477) ou textez CRIMES (274637) mot cl\u00e9: \u00ab tip252 \u00bb<br \/>\npour partager des renseignements qui pourraient aider la police \u00e0 r\u00e9soudre un crime.<\/p>\n                                  <\/div>\n                          <\/div>\n                  <\/div>\n    <\/div>\n  <\/div>\n<\/section>\n\n\n\n<section class=\"section section--text-banner alignfull \" >\n  <div class=\"grid-container\">\n    <div class=\"grid-x grid-padding-x align-middle\">\n      <div class=\"cell text-center\">\n        <div class=\"text-banner-inner\">\n                                          <h3><strong>Appelez les services de s\u00e9curit\u00e9 communautaire 24\/7 au 613-731-1182, poste 1.<\/strong><\/h3>\n<h3><b><span data-contrast=\"none\">Si une vie est en danger, composez le 9-1-1.<\/span><\/b><\/h3>\n                            <\/div>\n      <\/div>\n    <\/div>\n  <\/div>\n<\/section>\n\n\n\n<section class=\"section section--icon-callouts bg-property-grey-light alignfull\" >\n  <div class=\"grid-container\">\n    <div class=\"grid-x grid-padding-x align-center\">\n          <\/div>\n            <div class=\"grid-x grid-padding-x align-center icon-callouts-grid\">\n                      <div class=\"cell medium-4 text-center\">\n                <div class=\"icon-callout--inner\">\n                                                        <h4>\u00c9chec au crime<\/h4>\n                                                        <p>Vous avez \u00e9t\u00e9 t\u00e9moin d&rsquo;un crime<br>et vous voulez fournir des renseignements de fa\u00e7on anonyme?<\/br><\/p>\n                    \n                                    \t<a class=\"button\" href=\"https:\/\/www.canadiancrimestoppers.org\/home\" target=\"_blank\">Allez \u00e0 la page<\/a>\n                                  <\/div>\n              <\/div>\n                            <div class=\"cell medium-4 text-center\">\n                <div class=\"icon-callout--inner\">\n                                                        <h4>Pr\u00e9vention du crime Ottawa<\/h4>\n                                                        <p>Vous voulez en apprendre davantage sur la fa\u00e7on dont vous pouvez vous sentir plus en s\u00e9curit\u00e9 dans votre communaut\u00e9?<\/p>\n                    \n                                    \t<a class=\"button\" href=\"https:\/\/www.crimepreventionottawa.ca\/fr\/\" target=\"_blank\">Allez \u00e0 la page<\/a>\n                                  <\/div>\n              <\/div>\n                            <div class=\"cell medium-4 text-center\">\n                <div class=\"icon-callout--inner\">\n                                                        <h4>Service de police d&rsquo;Ottawa<\/h4>\n                                                        <p>Avez-vous besoin d\u2019information ou devez-vous communiquer avec le Service de police d\u2019Ottawa?<\/p>\n                    \n                                    \t<a class=\"button\" href=\"https:\/\/www.ottawapolice.ca\/fr\/index.aspx\" target=\"_blank\">Allez \u00e0 la page<\/a>\n                                  <\/div>\n              <\/div>\n                        <\/div>\n            <\/div>\n<\/section>\n\n\n\n<section class=\"section section--accordion alignfull \" >\n  <div class=\"grid-container\">\n  \t\n  \t\t    <div class=\"grid-x grid-padding-x align-middle\">\n\t      \t\t      <div class=\"cell accortion-section-title\">\n\t\t      \t\t\t          <h2 class=\"navy\">CONSEILS DE S\u00c9CURIT\u00c9<\/h2>\n\t\t        \t\t        \t\t      <\/div>\n\t      \t    <\/div>\n        \n        \n\t\t\t<ul class=\"accordion\" data-accordion data-allow-all-closed=\"true\">\n\t\t\t\t\t<li class=\"accordion-item\" data-accordion-item>\n\t\t\t   <a href=\"#\" class=\"accordion-title\">NE DONNEZ JAMAIS DE COPIES DES CL\u00c9S DU B\u00c2TIMENT OU DE VOTRE LOGEMENT<\/a>\n\t\t\t   <div class=\"accordion-content\" data-tab-content>\n\t\t\t   \t\t\t  \t<div id=\"cmsms_icon_box_649f0dda9899e\" class=\"cmsms_icon_box cmsms_box_lefticon cmsms-icon-key-5 shortcode_animated\">\n<div class=\"icon_box_inner\">\n<div class=\"icon_box_text\">\n<p>De plus, ne laissez pas d\u2019\u00e9tranger vous suivre au-del\u00e0 de la porte de s\u00e9curit\u00e9 du b\u00e2timent et ne laissez entrer personne qui sonne \u00e0 votre appartement, sauf si vous attendez un visiteur. Si une personne vous intimide, utilisez une autre porte d\u2019entr\u00e9e.<\/p>\n<\/div>\n<\/div>\n<\/div>\n\t\t\t   \t\t\t   <\/div>\n\t\t\t <\/li>\n\t\t\t\t\t\t<li class=\"accordion-item\" data-accordion-item>\n\t\t\t   <a href=\"#\" class=\"accordion-title\">PR\u00c9SENTEZ-VOUS \u00c0 VOTRE COMMUNAUT\u00c9<\/a>\n\t\t\t   <div class=\"accordion-content\" data-tab-content>\n\t\t\t   \t\t\t  \t<p>Votre communaut\u00e9 compte plusieurs groupes, comme les associations de locataires et les cercles de locataires, auxquels vous pr\u00e9senter. D\u00e9couvrez toutes les fa\u00e7ons de\u00a0<a href=\"https:\/\/www.och-lco.ca\/simplique\/?lang=fr\">vous investir dans votre communaut\u00e9<\/a>.<\/p>\n\t\t\t   \t\t\t   <\/div>\n\t\t\t <\/li>\n\t\t\t\t\t\t<li class=\"accordion-item\" data-accordion-item>\n\t\t\t   <a href=\"#\" class=\"accordion-title\">REGARDEZ TOUJOURS DANS L\u2019ASCENSEUR AVANT D\u2019Y MONTER.<\/a>\n\t\t\t   <div class=\"accordion-content\" data-tab-content>\n\t\t\t   \t\t\t  \t<div id=\"cmsms_icon_box_649f0dda989f2\" class=\"cmsms_icon_box cmsms_box_lefticon cmsms-icon-eye shortcode_animated\">\n<div class=\"icon_box_inner\">\n<div class=\"icon_box_text\">\n<p>Si vous vous m\u00e9fiez d\u2019une personne qui s\u2019y trouve, attendez le prochain ascenseur.<\/p>\n<\/div>\n<\/div>\n<\/div>\n\t\t\t   \t\t\t   <\/div>\n\t\t\t <\/li>\n\t\t\t\t\t\t<li class=\"accordion-item\" data-accordion-item>\n\t\t\t   <a href=\"#\" class=\"accordion-title\">NE BLOQUEZ PAS VOTRE PORTE AVEC UN OBJET.<\/a>\n\t\t\t   <div class=\"accordion-content\" data-tab-content>\n\t\t\t   \t\t\t  \t<div id=\"cmsms_icon_box_649f0dda98a38\" class=\"cmsms_icon_box cmsms_box_lefticon cmsms-icon-block shortcode_animated\">\n<div class=\"icon_box_inner\">\n<div class=\"icon_box_text\">\n<p>Si vous voyez un objet qui bloque les portes, enlevez-les.<\/p>\n<\/div>\n<\/div>\n<\/div>\n\t\t\t   \t\t\t   <\/div>\n\t\t\t <\/li>\n\t\t\t\t\t\t<li class=\"accordion-item\" data-accordion-item>\n\t\t\t   <a href=\"#\" class=\"accordion-title\">GARDEZ VOS PORTES VERROUILL\u00c9ES EN TOUT TEMPS \u2013 M\u00caME LORSQUE VOUS FAITES LA LESSIVE.<\/a>\n\t\t\t   <div class=\"accordion-content\" data-tab-content>\n\t\t\t   \t\t\t  \t<div id=\"cmsms_icon_box_649f0dda989ce\" class=\"cmsms_icon_box cmsms_box_lefticon cmsms-icon-lock shortcode_animated\">\n<div class=\"icon_box_inner\">\n<div class=\"icon_box_text\">\n<p>Souvenez-vous \u00e9galement de garder les portes de balcon verrouill\u00e9es lorsque vous ne l\u2019utilisez pas.<\/p>\n<\/div>\n<\/div>\n<\/div>\n\t\t\t   \t\t\t   <\/div>\n\t\t\t <\/li>\n\t\t\t\t\t\t<li class=\"accordion-item\" data-accordion-item>\n\t\t\t   <a href=\"#\" class=\"accordion-title\">DEMANDEZ \u00c0 UNE PERSONNE DE CONFIANCE DE SURVEILLER VOTRE APPARTEMENT.<\/a>\n\t\t\t   <div class=\"accordion-content\" data-tab-content>\n\t\t\t   \t\t\t  \t<div id=\"cmsms_icon_box_649f0dda98a14\" class=\"cmsms_icon_box cmsms_box_lefticon cmsms-icon-home shortcode_animated\">\n<div class=\"icon_box_inner\">\n<div class=\"icon_box_text\">\n<p>Si vous \u00eates absent pendant quelque temps, demandez \u00e0 une personne en qui vous avez confiance de surveiller votre appartement et de ramasser votre courrier.<\/p>\n<\/div>\n<\/div>\n<\/div>\n\t\t\t   \t\t\t   <\/div>\n\t\t\t <\/li>\n\t\t\t\t\t<\/ul>\n\t\t\t\n\t  <\/div>\n<\/section>\n","protected":false},"excerpt":{"rendered":"","protected":false},"author":8,"featured_media":17780,"parent":13178,"menu_order":-44,"comment_status":"closed","ping_status":"closed","template":"","meta":{"_acf_changed":true,"footnotes":""},"class_list":["post-11687","page","type-page","status-publish","has-post-thumbnail","hentry"],"acf":[],"_links":{"self":[{"href":"https:\/\/www.och-lco.ca\/fr\/wp-json\/wp\/v2\/pages\/11687","targetHints":{"allow":["GET"]}}],"collection":[{"href":"https:\/\/www.och-lco.ca\/fr\/wp-json\/wp\/v2\/pages"}],"about":[{"href":"https:\/\/www.och-lco.ca\/fr\/wp-json\/wp\/v2\/types\/page"}],"author":[{"embeddable":true,"href":"https:\/\/www.och-lco.ca\/fr\/wp-json\/wp\/v2\/users\/8"}],"replies":[{"embeddable":true,"href":"https:\/\/www.och-lco.ca\/fr\/wp-json\/wp\/v2\/comments?post=11687"}],"version-history":[{"count":0,"href":"https:\/\/www.och-lco.ca\/fr\/wp-json\/wp\/v2\/pages\/11687\/revisions"}],"up":[{"embeddable":true,"href":"https:\/\/www.och-lco.ca\/fr\/wp-json\/wp\/v2\/pages\/13178"}],"wp:featuredmedia":[{"embeddable":true,"href":"https:\/\/www.och-lco.ca\/fr\/wp-json\/wp\/v2\/media\/17780"}],"wp:attachment":[{"href":"https:\/\/www.och-lco.ca\/fr\/wp-json\/wp\/v2\/media?parent=11687"}],"curies":[{"name":"wp","href":"https:\/\/api.w.org\/{rel}","templated":true}]}}