{"id":11744,"date":"2022-11-04T09:15:35","date_gmt":"2022-11-04T13:15:35","guid":{"rendered":"https:\/\/www.och-lco.ca\/looking-for-housing\/"},"modified":"2024-11-19T19:40:14","modified_gmt":"2024-11-20T00:40:14","slug":"recherche-logement","status":"publish","type":"page","link":"https:\/\/www.och-lco.ca\/fr\/recherche-logement\/","title":{"rendered":"RECHERCHE D&rsquo;UN LOGEMENT"},"content":{"rendered":"\n<section class=\"section section--image-callouts alignfull bg-white\" >\n  <div class=\"grid-container text-center\">\n              <h2>RECHERCHE D&rsquo;UN LOGEMENT<\/h2>\n                    <div class=\"grid-x grid-padding-x align-center\">\n                      <div class=\"cell medium-6 large-4 text-center\">\n                <div class=\"callout-image-wrapper \">\n                  <img decoding=\"async\"\n                    src=\"https:\/\/www.och-lco.ca\/wp-content\/uploads\/2023\/09\/browse_properties.png\"\n                    width=\"1600\"\n                    height=\"900\"\n                    fetchpriority=\"high\"\n                    loading=\"eager\"\n                    alt=\"\"\n                    class=\"hero-preload\"\n                    style=\"position: absolute;width: 1px;height: 1px;opacity: 0;pointer-events: none;\">\n                  <div class=\"callout-image-wrapper--image exclude-lazyload\" style=\"background-image: url(https:\/\/www.och-lco.ca\/wp-content\/uploads\/2023\/09\/browse_properties.png); background-size: cover; background-position: top center;\" role=\"img\" aria-label=\"\"><\/div>\n                  <!--<div class=\"callout-image-wrapper--inner\">-->\n                    <!--<img-->\n                    <!--  width=\"384\"-->\n                    <!--  height=\"490\"-->\n                    <!--  fetchpriority=\"high\"-->\n                    <!--  src=\"https:\/\/www.och-lco.ca\/wp-content\/uploads\/2023\/09\/browse_properties.png\"-->\n                    <!--  decoding=\"async\"-->\n                    <!--  alt=\"\"-->\n                    <!--\/>-->\n                                      <!--<\/div>-->\n                                      <a href=\"https:\/\/www.och-lco.ca\/fr\/recherche-logement\/explorez-nos-proprietes\/\" target=\"_blank\"><span class=\"show-for-sr\">Apprenez-en plus<\/span><\/a>\n                                    <div class=\"callout-overlay\"><\/div>\n                                      <h3>EXPLOREZ NOS PROPRI\u00c9T\u00c9S<\/h3>\n                                  <\/div>\n                                  <p>Les propri\u00e9t\u00e9s de LCO sont list\u00e9es \u00e0 titre d&rsquo;information uniquement, pour que les gens comprennent o\u00f9 nos logements sont situ\u00e9s dans la ville. <\/p>\n                                                \t<a class=\"button\" href=\"https:\/\/www.och-lco.ca\/fr\/recherche-logement\/explorez-nos-proprietes\/\" target=\"_blank\">Apprenez-en plus <\/a>\n                               \n              <\/div>\n                            <div class=\"cell medium-6 large-4 text-center\">\n                <div class=\"callout-image-wrapper \">\n                  <img decoding=\"async\"\n                    src=\"https:\/\/www.och-lco.ca\/wp-content\/uploads\/2023\/05\/Screen-Shot-2023-05-09-at-2.49.22-PM-1024x873.png\"\n                    width=\"1600\"\n                    height=\"900\"\n                    fetchpriority=\"high\"\n                    loading=\"eager\"\n                    alt=\"\"\n                    class=\"hero-preload\"\n                    style=\"position: absolute;width: 1px;height: 1px;opacity: 0;pointer-events: none;\">\n                  <div class=\"callout-image-wrapper--image \" style=\"background-image: url(https:\/\/www.och-lco.ca\/wp-content\/uploads\/2023\/05\/Screen-Shot-2023-05-09-at-2.49.22-PM-1024x873.png); background-size: cover; background-position: top center;\" role=\"img\" aria-label=\"\"><\/div>\n                  <!--<div class=\"callout-image-wrapper--inner\">-->\n                    <!--<img-->\n                    <!--  width=\"384\"-->\n                    <!--  height=\"490\"-->\n                    <!--  fetchpriority=\"high\"-->\n                    <!--  src=\"https:\/\/www.och-lco.ca\/wp-content\/uploads\/2023\/05\/Screen-Shot-2023-05-09-at-2.49.22-PM-1024x873.png\"-->\n                    <!--  decoding=\"async\"-->\n                    <!--  alt=\"\"-->\n                    <!--\/>-->\n                                      <!--<\/div>-->\n                                      <a href=\"https:\/\/housingregistry.ca\/fr\/\" target=\"_blank\"><span class=\"show-for-sr\"><\/span><\/a>\n                                    <div class=\"callout-overlay\"><\/div>\n                                      <h3>LOGEMENTS SUBVENTIONN\u00c9S<\/h3>\n                                  <\/div>\n                                  <p>L&rsquo;\u00e9quipe du Registre des logements sociaux d\u2019Ottawa est attentive et se consacre \u00e0 aider les gens \u00e0 soumettre et \u00e0 mettre \u00e0 jour leurs demandes de logement subventionn\u00e9.<\/p>\n                                                \t<a class=\"button\" href=\"https:\/\/housingregistry.ca\/fr\/\" target=\"_blank\">Apprenez-en plus <\/a>\n                               \n              <\/div>\n                            <div class=\"cell medium-6 large-4 text-center\">\n                <div class=\"callout-image-wrapper \">\n                  <img decoding=\"async\"\n                    src=\"https:\/\/www.och-lco.ca\/wp-content\/uploads\/2023\/04\/308095723_521920109937656_1048530473118057250_n-1024x732.jpg\"\n                    width=\"1600\"\n                    height=\"900\"\n                    fetchpriority=\"high\"\n                    loading=\"eager\"\n                    alt=\"\"\n                    class=\"hero-preload\"\n                    style=\"position: absolute;width: 1px;height: 1px;opacity: 0;pointer-events: none;\">\n                  <div class=\"callout-image-wrapper--image \" style=\"background-image: url(https:\/\/www.och-lco.ca\/wp-content\/uploads\/2023\/04\/308095723_521920109937656_1048530473118057250_n-1024x732.jpg); background-size: cover; background-position: top center;\" role=\"img\" aria-label=\"\"><\/div>\n                  <!--<div class=\"callout-image-wrapper--inner\">-->\n                    <!--<img-->\n                    <!--  width=\"384\"-->\n                    <!--  height=\"490\"-->\n                    <!--  fetchpriority=\"high\"-->\n                    <!--  src=\"https:\/\/www.och-lco.ca\/wp-content\/uploads\/2023\/04\/308095723_521920109937656_1048530473118057250_n-1024x732.jpg\"-->\n                    <!--  decoding=\"async\"-->\n                    <!--  alt=\"\"-->\n                    <!--\/>-->\n                                      <!--<\/div>-->\n                                      <a href=\"https:\/\/arriv.ca\/fr\/trouver-un-logement\/\" target=\"_blank\"><span class=\"show-for-sr\"><\/span><\/a>\n                                    <div class=\"callout-overlay\"><\/div>\n                                      <h3>LOGEMENTS ABORDABLES <\/br> PROPRI\u00c9T\u00c9S ARRIV  <\/h3>\n                                  <\/div>\n                                  <p>Face \u00e0 la p\u00e9nurie croissante de logements abordables, ARRIV comble l&rsquo;\u00e9cart en offrant des logements et maisons en rang\u00e9e \u00e0 des prix abordables pour les m\u00e9nages \u00e0 revenus faibles \u00e0 mod\u00e9r\u00e9s.<\/p>\n                                                \t<a class=\"button\" href=\"https:\/\/arriv.ca\/fr\/trouver-un-logement\/\" target=\"_blank\">Apprenez-en plus <\/a>\n                               \n              <\/div>\n                        <\/div>\n            <\/div>\n<\/section>\n\n\n\n<section class=\"section section--image-callouts alignfull bg-white\" >\n  <div class=\"grid-container text-center\">\n                <div class=\"grid-x grid-padding-x align-center\">\n                      <div class=\"cell medium-6 text-center\">\n                <div class=\"callout-image-wrapper \">\n                  <img decoding=\"async\"\n                    src=\"https:\/\/www.och-lco.ca\/wp-content\/uploads\/2023\/06\/AdobeStock_578909291-1024x512.jpeg\"\n                    width=\"1600\"\n                    height=\"900\"\n                    fetchpriority=\"high\"\n                    loading=\"eager\"\n                    alt=\"\"\n                    class=\"hero-preload\"\n                    style=\"position: absolute;width: 1px;height: 1px;opacity: 0;pointer-events: none;\">\n                  <div class=\"callout-image-wrapper--image exclude-lazyload\" style=\"background-image: url(https:\/\/www.och-lco.ca\/wp-content\/uploads\/2023\/06\/AdobeStock_578909291-1024x512.jpeg); background-size: cover; background-position: top center;\" role=\"img\" aria-label=\"\"><\/div>\n                  <!--<div class=\"callout-image-wrapper--inner\">-->\n                    <!--<img-->\n                    <!--  width=\"592\"-->\n                    <!--  height=\"490\"-->\n                    <!--  fetchpriority=\"high\"-->\n                    <!--  src=\"https:\/\/www.och-lco.ca\/wp-content\/uploads\/2023\/06\/AdobeStock_578909291-1024x512.jpeg\"-->\n                    <!--  decoding=\"async\"-->\n                    <!--  alt=\"\"-->\n                    <!--\/>-->\n                                      <!--<\/div>-->\n                                      <a href=\"https:\/\/www.och-lco.ca\/fr\/recherche-logement\/modification-loyer-liste-dattente\/\" target=\"_blank\"><span class=\"show-for-sr\">Apprenez-en plus<\/span><\/a>\n                                    <div class=\"callout-overlay\"><\/div>\n                                      <h3>CHANGEMENTS \u00c0 VOTRE LOYER ET LISTE D&rsquo;ATTENTE<\/h3>\n                                  <\/div>\n                                  <p>Tout ce que vous devez savoir sur les changements \u00e0 la <i>Loi sur les services de logements<\/i><\/p>\n                                                \t<a class=\"button\" href=\"https:\/\/www.och-lco.ca\/fr\/recherche-logement\/modification-loyer-liste-dattente\/\" target=\"_blank\">Apprenez-en plus <\/a>\n                               \n              <\/div>\n                            <div class=\"cell medium-6 text-center\">\n                <div class=\"callout-image-wrapper \">\n                  <img decoding=\"async\"\n                    src=\"https:\/\/www.och-lco.ca\/wp-content\/uploads\/2023\/09\/MicrosoftTeams-image-1024x683.jpg\"\n                    width=\"1600\"\n                    height=\"900\"\n                    fetchpriority=\"high\"\n                    loading=\"eager\"\n                    alt=\"\"\n                    class=\"hero-preload\"\n                    style=\"position: absolute;width: 1px;height: 1px;opacity: 0;pointer-events: none;\">\n                  <div class=\"callout-image-wrapper--image \" style=\"background-image: url(https:\/\/www.och-lco.ca\/wp-content\/uploads\/2023\/09\/MicrosoftTeams-image-1024x683.jpg); background-size: cover; background-position: top center;\" role=\"img\" aria-label=\"\"><\/div>\n                  <!--<div class=\"callout-image-wrapper--inner\">-->\n                    <!--<img-->\n                    <!--  width=\"592\"-->\n                    <!--  height=\"490\"-->\n                    <!--  fetchpriority=\"high\"-->\n                    <!--  src=\"https:\/\/www.och-lco.ca\/wp-content\/uploads\/2023\/09\/MicrosoftTeams-image-1024x683.jpg\"-->\n                    <!--  decoding=\"async\"-->\n                    <!--  alt=\"\"-->\n                    <!--\/>-->\n                                      <!--<\/div>-->\n                                      <a href=\"https:\/\/www.och-lco.ca\/fr\/recherche-logement\/transferts-internes\/\" target=\"_self\"><span class=\"show-for-sr\">Internal Transfers<\/span><\/a>\n                                    <div class=\"callout-overlay\"><\/div>\n                                      <h3>TRANSFERTS INTERNES <\/br> (Residents LCO seulement)<\/h3>\n                                  <\/div>\n                                  <p>Transferts, d\u00e9m\u00e9nagements en cas de crise et accommodements pour personnes en situation de handicap<\/p>\n                                                \t<a class=\"button\" href=\"https:\/\/www.och-lco.ca\/fr\/recherche-logement\/transferts-internes\/\" target=\"_self\">Apprenez-en plus <\/a>\n                               \n              <\/div>\n                        <\/div>\n            <\/div>\n<\/section>\n","protected":false},"excerpt":{"rendered":"","protected":false},"author":8,"featured_media":6720,"parent":0,"menu_order":23,"comment_status":"closed","ping_status":"closed","template":"","meta":{"_acf_changed":true,"footnotes":""},"class_list":["post-11744","page","type-page","status-publish","has-post-thumbnail","hentry"],"acf":[],"_links":{"self":[{"href":"https:\/\/www.och-lco.ca\/fr\/wp-json\/wp\/v2\/pages\/11744","targetHints":{"allow":["GET"]}}],"collection":[{"href":"https:\/\/www.och-lco.ca\/fr\/wp-json\/wp\/v2\/pages"}],"about":[{"href":"https:\/\/www.och-lco.ca\/fr\/wp-json\/wp\/v2\/types\/page"}],"author":[{"embeddable":true,"href":"https:\/\/www.och-lco.ca\/fr\/wp-json\/wp\/v2\/users\/8"}],"replies":[{"embeddable":true,"href":"https:\/\/www.och-lco.ca\/fr\/wp-json\/wp\/v2\/comments?post=11744"}],"version-history":[{"count":0,"href":"https:\/\/www.och-lco.ca\/fr\/wp-json\/wp\/v2\/pages\/11744\/revisions"}],"wp:featuredmedia":[{"embeddable":true,"href":"https:\/\/www.och-lco.ca\/fr\/wp-json\/wp\/v2\/media\/6720"}],"wp:attachment":[{"href":"https:\/\/www.och-lco.ca\/fr\/wp-json\/wp\/v2\/media?parent=11744"}],"curies":[{"name":"wp","href":"https:\/\/api.w.org\/{rel}","templated":true}]}}