{"id":11843,"date":"2022-11-04T09:49:00","date_gmt":"2022-11-04T13:49:00","guid":{"rendered":"https:\/\/www.och-lco.ca\/join-our-team\/"},"modified":"2026-02-09T15:00:05","modified_gmt":"2026-02-09T20:00:05","slug":"joignez-vous-equipe","status":"publish","type":"page","link":"https:\/\/www.och-lco.ca\/fr\/joignez-vous-equipe\/","title":{"rendered":"Joignez-vous \u00e0 notre \u00e9quipe"},"content":{"rendered":"\n<section class=\"section section--image-callouts alignfull bg-white\" >\n  <div class=\"grid-container text-center\">\n              <h2>JOIGNEZ-VOUS \u00c0 NOTRE \u00c9QUIPE<\/h2>\n                    <div class=\"grid-x grid-padding-x align-center\">\n                      <div class=\"cell medium-6 large-4 text-center\">\n                <div class=\"callout-image-wrapper \">\n                  <img decoding=\"async\"\n                    src=\"https:\/\/www.och-lco.ca\/wp-content\/uploads\/2023\/07\/AdobeStock_116736467-1024x683.jpeg\"\n                    width=\"1600\"\n                    height=\"900\"\n                    fetchpriority=\"high\"\n                    loading=\"eager\"\n                    alt=\"\"\n                    class=\"hero-preload\"\n                    style=\"position: absolute;width: 1px;height: 1px;opacity: 0;pointer-events: none;\">\n                  <div class=\"callout-image-wrapper--image exclude-lazyload\" style=\"background-image: url(https:\/\/www.och-lco.ca\/wp-content\/uploads\/2023\/07\/AdobeStock_116736467-1024x683.jpeg); background-size: cover; background-position: top center;\" role=\"img\" aria-label=\"\"><\/div>\n                  <!--<div class=\"callout-image-wrapper--inner\">-->\n                    <!--<img-->\n                    <!--  width=\"384\"-->\n                    <!--  height=\"490\"-->\n                    <!--  fetchpriority=\"high\"-->\n                    <!--  src=\"https:\/\/www.och-lco.ca\/wp-content\/uploads\/2023\/07\/AdobeStock_116736467-1024x683.jpeg\"-->\n                    <!--  decoding=\"async\"-->\n                    <!--  alt=\"\"-->\n                    <!--\/>-->\n                                      <!--<\/div>-->\n                                      <a href=\"https:\/\/tre.tbe.taleo.net\/tre01\/ats\/careers\/v2\/jobSearch?org=OTTACOMM&#038;cws=40\" target=\"_blank\"><span class=\"show-for-sr\"><\/span><\/a>\n                                    <div class=\"callout-overlay\"><\/div>\n                                      <h3>EMPLOIS DISPONIBLES<\/h3>\n                                  <\/div>\n                                  <p>LCO s&rsquo;engage \u00e0 cr\u00e9er un lieu de travail inclusif qui lui permettra de r\u00e9pondre aux besoins d&rsquo;une communaut\u00e9 de locataires diversifi\u00e9e.<\/p>\n                                                \t<a class=\"button\" href=\"https:\/\/tre.tbe.taleo.net\/tre01\/ats\/careers\/v2\/jobSearch?org=OTTACOMM&#038;cws=40\" target=\"_blank\">Apprenez-en plus <\/a>\n                               \n              <\/div>\n                            <div class=\"cell medium-6 large-4 text-center\">\n                <div class=\"callout-image-wrapper \">\n                  <img decoding=\"async\"\n                    src=\"https:\/\/www.och-lco.ca\/wp-content\/uploads\/2023\/06\/AdobeStock_176912892-1024x683.jpeg\"\n                    width=\"1600\"\n                    height=\"900\"\n                    fetchpriority=\"high\"\n                    loading=\"eager\"\n                    alt=\"\"\n                    class=\"hero-preload\"\n                    style=\"position: absolute;width: 1px;height: 1px;opacity: 0;pointer-events: none;\">\n                  <div class=\"callout-image-wrapper--image \" style=\"background-image: url(https:\/\/www.och-lco.ca\/wp-content\/uploads\/2023\/06\/AdobeStock_176912892-1024x683.jpeg); background-size: cover; background-position: top center;\" role=\"img\" aria-label=\"\"><\/div>\n                  <!--<div class=\"callout-image-wrapper--inner\">-->\n                    <!--<img-->\n                    <!--  width=\"384\"-->\n                    <!--  height=\"490\"-->\n                    <!--  fetchpriority=\"high\"-->\n                    <!--  src=\"https:\/\/www.och-lco.ca\/wp-content\/uploads\/2023\/06\/AdobeStock_176912892-1024x683.jpeg\"-->\n                    <!--  decoding=\"async\"-->\n                    <!--  alt=\"\"-->\n                    <!--\/>-->\n                                      <!--<\/div>-->\n                                      <a href=\"https:\/\/www.och-lco.ca\/fr\/renseignements-administratifs\/diversite-equite-inclusion\/\" target=\"_self\"><span class=\"show-for-sr\">Diversit\u00e9, \u00e9quit\u00e9 et inclusion<\/span><\/a>\n                                    <div class=\"callout-overlay\"><\/div>\n                                      <h3>DIVERSIT\u00c9, \u00c9QUIT\u00c9 ET INCLUSION<\/h3>\n                                  <\/div>\n                                  <p>Nous nous effor\u00e7ons de repr\u00e9senter la diversit\u00e9 pr\u00e9sente au sein des communaut\u00e9s que nous servons<\/p>\n                                                \t<a class=\"button\" href=\"https:\/\/www.och-lco.ca\/fr\/renseignements-administratifs\/diversite-equite-inclusion\/\" target=\"_self\">Apprenez-en plus <\/a>\n                               \n              <\/div>\n                            <div class=\"cell medium-6 large-4 text-center\">\n                <div class=\"callout-image-wrapper \">\n                  <img decoding=\"async\"\n                    src=\"https:\/\/www.och-lco.ca\/wp-content\/uploads\/2023\/07\/AdobeStock_600234856-1024x653.jpeg\"\n                    width=\"1600\"\n                    height=\"900\"\n                    fetchpriority=\"high\"\n                    loading=\"eager\"\n                    alt=\"\"\n                    class=\"hero-preload\"\n                    style=\"position: absolute;width: 1px;height: 1px;opacity: 0;pointer-events: none;\">\n                  <div class=\"callout-image-wrapper--image \" style=\"background-image: url(https:\/\/www.och-lco.ca\/wp-content\/uploads\/2023\/07\/AdobeStock_600234856-1024x653.jpeg); background-size: cover; background-position: top center;\" role=\"img\" aria-label=\"\"><\/div>\n                  <!--<div class=\"callout-image-wrapper--inner\">-->\n                    <!--<img-->\n                    <!--  width=\"384\"-->\n                    <!--  height=\"490\"-->\n                    <!--  fetchpriority=\"high\"-->\n                    <!--  src=\"https:\/\/www.och-lco.ca\/wp-content\/uploads\/2023\/07\/AdobeStock_600234856-1024x653.jpeg\"-->\n                    <!--  decoding=\"async\"-->\n                    <!--  alt=\"\"-->\n                    <!--\/>-->\n                                      <!--<\/div>-->\n                                      <a href=\"https:\/\/www.och-lco.ca\/fr\/joignez-vous-equipe\/cheminement-carriere\/\" target=\"_self\"><span class=\"show-for-sr\">Cheminement de carri\u00e8re<\/span><\/a>\n                                    <div class=\"callout-overlay\"><\/div>\n                                      <h3>CHEMINEMENT DE CARRI\u00c8RE<\/h3>\n                                  <\/div>\n                                  <p>Les comp\u00e9tences pour occuper efficacement un poste \u00e0 LCO sont les suivantes : fournir un service de qualit\u00e9, \u00e9tablir des relations de travail solides et mettre au travail l&rsquo;apprentissage.<\/p>\n                                                \t<a class=\"button\" href=\"https:\/\/www.och-lco.ca\/fr\/joignez-vous-equipe\/cheminement-carriere\/\" target=\"_self\">Apprenez-en plus <\/a>\n                               \n              <\/div>\n                        <\/div>\n            <\/div>\n<\/section>\n\n\n\n<section class=\"section section--image-callouts alignfull bg-white\" >\n  <div class=\"grid-container text-center\">\n                <div class=\"grid-x grid-padding-x align-center\">\n                      <div class=\"cell medium-6 large-4 text-center\">\n                <div class=\"callout-image-wrapper \">\n                  <img decoding=\"async\"\n                    src=\"https:\/\/www.och-lco.ca\/wp-content\/uploads\/2023\/09\/AdobeStock_575136023-FR-1024x649.jpg\"\n                    width=\"1600\"\n                    height=\"900\"\n                    fetchpriority=\"high\"\n                    loading=\"eager\"\n                    alt=\"\"\n                    class=\"hero-preload\"\n                    style=\"position: absolute;width: 1px;height: 1px;opacity: 0;pointer-events: none;\">\n                  <div class=\"callout-image-wrapper--image exclude-lazyload\" style=\"background-image: url(https:\/\/www.och-lco.ca\/wp-content\/uploads\/2023\/09\/AdobeStock_575136023-FR-1024x649.jpg); background-size: cover; background-position: top center;\" role=\"img\" aria-label=\"\"><\/div>\n                  <!--<div class=\"callout-image-wrapper--inner\">-->\n                    <!--<img-->\n                    <!--  width=\"384\"-->\n                    <!--  height=\"490\"-->\n                    <!--  fetchpriority=\"high\"-->\n                    <!--  src=\"https:\/\/www.och-lco.ca\/wp-content\/uploads\/2023\/09\/AdobeStock_575136023-FR-1024x649.jpg\"-->\n                    <!--  decoding=\"async\"-->\n                    <!--  alt=\"\"-->\n                    <!--\/>-->\n                                      <!--<\/div>-->\n                                      <a href=\"https:\/\/www.och-lco.ca\/fr\/renseignements-administratifs\/plan-strategique-lco\/\" target=\"_self\"><span class=\"show-for-sr\">Plan strat\u00e9gique de LCO<\/span><\/a>\n                                    <div class=\"callout-overlay\"><\/div>\n                                      <h3>PLAN STRAT\u00c9GIQUE DE LCO<\/h3>\n                                  <\/div>\n                                  <p>Le logement abordable est un \u00e9l\u00e9ment important de l&rsquo;infrastructure sociale et \u00e9conomique d&rsquo;une ville saine.<\/p>\n                                                \t<a class=\"button\" href=\"https:\/\/www.och-lco.ca\/fr\/renseignements-administratifs\/plan-strategique-lco\/\" target=\"_self\">Apprenez-en plus <\/a>\n                               \n              <\/div>\n                            <div class=\"cell medium-6 large-4 text-center\">\n                <div class=\"callout-image-wrapper \">\n                  <img decoding=\"async\"\n                    src=\"https:\/\/www.och-lco.ca\/wp-content\/uploads\/2023\/02\/bigstock-Handshake-95846351-1024x684-1.jpg\"\n                    width=\"1600\"\n                    height=\"900\"\n                    fetchpriority=\"high\"\n                    loading=\"eager\"\n                    alt=\"\"\n                    class=\"hero-preload\"\n                    style=\"position: absolute;width: 1px;height: 1px;opacity: 0;pointer-events: none;\">\n                  <div class=\"callout-image-wrapper--image \" style=\"background-image: url(https:\/\/www.och-lco.ca\/wp-content\/uploads\/2023\/02\/bigstock-Handshake-95846351-1024x684-1.jpg); background-size: cover; background-position: top center;\" role=\"img\" aria-label=\"\"><\/div>\n                  <!--<div class=\"callout-image-wrapper--inner\">-->\n                    <!--<img-->\n                    <!--  width=\"384\"-->\n                    <!--  height=\"490\"-->\n                    <!--  fetchpriority=\"high\"-->\n                    <!--  src=\"https:\/\/www.och-lco.ca\/wp-content\/uploads\/2023\/02\/bigstock-Handshake-95846351-1024x684-1.jpg\"-->\n                    <!--  decoding=\"async\"-->\n                    <!--  alt=\"\"-->\n                    <!--\/>-->\n                                      <!--<\/div>-->\n                                      <a href=\"https:\/\/www.och-lco.ca\/fr\/joignez-vous-equipe\/entrepreneurs-fournisseurs\/\" target=\"_self\"><span class=\"show-for-sr\">Entrepreneurs et fournisseurs<\/span><\/a>\n                                    <div class=\"callout-overlay\"><\/div>\n                                      <h3>ENTREPRENEURS ET FOURNISSEURS<\/h3>\n                                  <\/div>\n                                  <p>La Soci\u00e9t\u00e9 de logement communautaire d&rsquo;Ottawa utilise MERX pour informer les entreprises des appels d&rsquo;offres publics.<\/p>\n                                                \t<a class=\"button\" href=\"https:\/\/www.och-lco.ca\/fr\/joignez-vous-equipe\/entrepreneurs-fournisseurs\/\" target=\"_self\">Consultez les opportunit\u00e9s <\/a>\n                               \n              <\/div>\n                            <div class=\"cell medium-6 large-4 text-center\">\n                <div class=\"callout-image-wrapper \">\n                  <img decoding=\"async\"\n                    src=\"https:\/\/www.och-lco.ca\/wp-content\/uploads\/2025\/01\/VE-Deloitte-2024-1024x576.jpg\"\n                    width=\"1600\"\n                    height=\"900\"\n                    fetchpriority=\"high\"\n                    loading=\"eager\"\n                    alt=\"\"\n                    class=\"hero-preload\"\n                    style=\"position: absolute;width: 1px;height: 1px;opacity: 0;pointer-events: none;\">\n                  <div class=\"callout-image-wrapper--image \" style=\"background-image: url(https:\/\/www.och-lco.ca\/wp-content\/uploads\/2025\/01\/VE-Deloitte-2024-1024x576.jpg); background-size: cover; background-position: top center;\" role=\"img\" aria-label=\"Group photo of volunteers from Deloitte\"><\/div>\n                  <!--<div class=\"callout-image-wrapper--inner\">-->\n                    <!--<img-->\n                    <!--  width=\"384\"-->\n                    <!--  height=\"490\"-->\n                    <!--  fetchpriority=\"high\"-->\n                    <!--  src=\"https:\/\/www.och-lco.ca\/wp-content\/uploads\/2025\/01\/VE-Deloitte-2024-1024x576.jpg\"-->\n                    <!--  decoding=\"async\"-->\n                    <!--  alt=\"Group photo of volunteers from Deloitte\"-->\n                    <!--\/>-->\n                                      <!--<\/div>-->\n                                      <a href=\"https:\/\/www.och-lco.ca\/fr\/joignez-vous-equipe\/benevolat-lco\/\" target=\"_self\"><span class=\"show-for-sr\">Impliquez-vous d\u00e8s maintenant<\/span><\/a>\n                                    <div class=\"callout-overlay\"><\/div>\n                                      <h3>FAITES DU B\u00c9N\u00c9VOLAT AVEC LCO<\/h3>\n                                  <\/div>\n                                  <p>Faites la diff\u00e9rence en nous aidant \u00e0 am\u00e9liorer nos communaut\u00e9s.<\/p>\n                                                \t<a class=\"button\" href=\"https:\/\/www.och-lco.ca\/fr\/joignez-vous-equipe\/benevolat-lco\/\" target=\"_self\">Impliquez-vous d\u00e8s maintenant <\/a>\n                               \n              <\/div>\n                        <\/div>\n            <\/div>\n<\/section>\n","protected":false},"excerpt":{"rendered":"","protected":false},"author":8,"featured_media":11959,"parent":0,"menu_order":26,"comment_status":"closed","ping_status":"closed","template":"","meta":{"_acf_changed":true,"footnotes":""},"class_list":["post-11843","page","type-page","status-publish","has-post-thumbnail","hentry"],"acf":[],"_links":{"self":[{"href":"https:\/\/www.och-lco.ca\/fr\/wp-json\/wp\/v2\/pages\/11843","targetHints":{"allow":["GET"]}}],"collection":[{"href":"https:\/\/www.och-lco.ca\/fr\/wp-json\/wp\/v2\/pages"}],"about":[{"href":"https:\/\/www.och-lco.ca\/fr\/wp-json\/wp\/v2\/types\/page"}],"author":[{"embeddable":true,"href":"https:\/\/www.och-lco.ca\/fr\/wp-json\/wp\/v2\/users\/8"}],"replies":[{"embeddable":true,"href":"https:\/\/www.och-lco.ca\/fr\/wp-json\/wp\/v2\/comments?post=11843"}],"version-history":[{"count":0,"href":"https:\/\/www.och-lco.ca\/fr\/wp-json\/wp\/v2\/pages\/11843\/revisions"}],"wp:featuredmedia":[{"embeddable":true,"href":"https:\/\/www.och-lco.ca\/fr\/wp-json\/wp\/v2\/media\/11959"}],"wp:attachment":[{"href":"https:\/\/www.och-lco.ca\/fr\/wp-json\/wp\/v2\/media?parent=11843"}],"curies":[{"name":"wp","href":"https:\/\/api.w.org\/{rel}","templated":true}]}}