{"id":11920,"date":"2023-01-10T13:58:49","date_gmt":"2023-01-10T18:58:49","guid":{"rendered":"https:\/\/www.och-lco.ca\/corporate-information\/governance-finance\/"},"modified":"2026-01-27T17:37:29","modified_gmt":"2026-01-27T22:37:29","slug":"renseignements-administratifs","status":"publish","type":"page","link":"https:\/\/www.och-lco.ca\/fr\/renseignements-administratifs\/renseignements-administratifs\/","title":{"rendered":"Renseignements administratifs"},"content":{"rendered":"\n<section class=\"section section--text-block alignfull bg-white\" >\n  <div class=\"grid-container\">\n    <div class=\"grid-x grid-padding-x align-middle \">\n      <div class=\"cell text-left\">\n                              <h2>Publications<\/h2>\n                                                <\/div>\n    <\/div>\n  <\/div>\n<\/section>\n\n\n\n<section class=\"section section--case-studies alignfull\" >\n  <div class=\"grid-container\">\n    <div class=\"grid-x grid-padding-x\">\n      <div class=\"cell case-studies-title\">\n                      <\/div>\n      <div class=\"cell medium-4\">\n                    <ul class=\"case-studies-nav\">\n                            <li><a href=\"#rapports-annuels\" class=\"is-active\">RAPPORTS ANNUELS<\/a><\/li>\n                              <li><a href=\"#plan-financier-a-long-terme\" >PLAN FINANCIER \u00c0 LONG TERME<\/a><\/li>\n                              <li><a href=\"#plan-strategique-de-lco\" >Plan Strat\u00e9gique de LCO<\/a><\/li>\n                          <\/ul>\n                  <\/div>\n      <div class=\"cell medium-8\">\n                    <div class=\"case-studies-wrapper\">\n                            <div class=\"case-study-single is-active\" data-case-study=\"rapports-annuels\" id=\"rapports-annuels\">\n                  <h3>RAPPORTS ANNUELS<\/h3>\n                                    <p><a href=\"https:\/\/www.canva.com\/design\/DAGkE27fjIM\/0h6EZtH3lTCm4c9T1voQ2Q\/view?utm_content=DAGkE27fjIM&amp;utm_campaign=designshare&amp;utm_medium=link2&amp;utm_source=uniquelinks&amp;utlId=h1515388f05\" target=\"_blank\" rel=\"noopener\">Rapport annuel 2024<\/a><\/p>\n<p><a href=\"https:\/\/www.canva.com\/design\/DAGkE27fjIM\/0h6EZtH3lTCm4c9T1voQ2Q\/view?utm_content=DAGkE27fjIM&amp;utm_campaign=designshare&amp;utm_medium=link2&amp;utm_source=uniquelinks&amp;utlId=h1515388f05\" target=\"_blank\" rel=\"noopener\"><img loading=\"lazy\" decoding=\"async\" class=\"alignleft wp-image-18413 size-medium\" src=\"https:\/\/www.och-lco.ca\/wp-content\/uploads\/2025\/06\/Web_Annual-Report-Release_FR-300x251.png\" alt=\"\" width=\"300\" height=\"251\" srcset=\"https:\/\/www.och-lco.ca\/wp-content\/uploads\/2025\/06\/Web_Annual-Report-Release_FR-300x251.png 300w, https:\/\/www.och-lco.ca\/wp-content\/uploads\/2025\/06\/Web_Annual-Report-Release_FR-768x644.png 768w, https:\/\/www.och-lco.ca\/wp-content\/uploads\/2025\/06\/Web_Annual-Report-Release_FR.png 940w\" sizes=\"auto, (max-width: 300px) 100vw, 300px\" \/><\/a><\/p>\n<p>&nbsp;<\/p>\n<p>&nbsp;<\/p>\n<p>&nbsp;<\/p>\n<p>&nbsp;<\/p>\n<p>&nbsp;<\/p>\n<p>&nbsp;<\/p>\n<p>&nbsp;<\/p>\n<p>&nbsp;<\/p>\n<p><a href=\"https:\/\/www.canva.com\/design\/DAGFIWVvoo0\/vzEnn8kdFARPQqUDCNp5HA\/view?utm_content=DAGFIWVvoo0&amp;utm_campaign=designshare&amp;utm_medium=link&amp;utm_source=editor\" target=\"_blank\" rel=\"noopener\">Rapport annuel 2023<\/a><\/p>\n<p><a href=\"https:\/\/indd.adobe.com\/view\/205c3012-554e-41ce-8212-d3aeead1f540\" target=\"_blank\" rel=\"noopener\">Rapport annuel 2022<\/a><\/p>\n<p><a href=\"https:\/\/indd.adobe.com\/view\/159b5838-b2da-4cd0-96bf-1e56a81d6569\" target=\"_blank\" rel=\"noopener\">Rapport annuel 2021<\/a><\/p>\n<p><a href=\"https:\/\/indd.adobe.com\/view\/fded4dc8-18cb-43ff-b416-06039ae975fb\" target=\"_blank\" rel=\"noopener\">Rapport annuel 2020<\/a><\/p>\n<p><a href=\"https:\/\/indd.adobe.com\/view\/06b5f8eb-0660-451a-b463-f914b0732bfa\" target=\"_blank\" rel=\"noopener\">Rapport annuel 2019<\/a><\/p>\n                                  <\/div>\n                              <div class=\"case-study-single \" data-case-study=\"plan-financier-a-long-terme\" id=\"plan-financier-a-long-terme\">\n                  <h3>PLAN FINANCIER \u00c0 LONG TERME<\/h3>\n                                    <p><a href=\"https:\/\/indd.adobe.com\/view\/a7866034-56e9-4cd6-8cf3-4752db583f6b\"><img loading=\"lazy\" decoding=\"async\" class=\"alignnone wp-image-18913 size-medium\" src=\"https:\/\/www.och-lco.ca\/wp-content\/uploads\/2025\/10\/OCH_Financial_Plan_FR_FINAL_update-2025-Branding-1-1-pdf-232x300.jpg\" alt=\"\" width=\"232\" height=\"300\" \/><\/a><\/p>\n<p><a href=\"https:\/\/indd.adobe.com\/view\/a7866034-56e9-4cd6-8cf3-4752db583f6b\" target=\"_blank\" rel=\"noopener\">Plan financier \u00e0 long terme 2021-2030<\/a><\/p>\n                                  <\/div>\n                              <div class=\"case-study-single \" data-case-study=\"plan-strategique-de-lco\" id=\"plan-strategique-de-lco\">\n                  <h3>Plan Strat\u00e9gique de LCO<\/h3>\n                                                                        \t<a class=\"button\" href=\"https:\/\/www.och-lco.ca\/fr\/renseignements-administratifs\/plan-strategique-lco\/\" target=\"_self\">Plan Strat\u00e9gique 2024-2027<\/a>\n                                  <\/div>\n                          <\/div>\n                  <\/div>\n    <\/div>\n  <\/div>\n<\/section>\n\n\n\n<section class=\"section section--icon-callouts bg-property-grey-light alignfull\" >\n  <div class=\"grid-container\">\n    <div class=\"grid-x grid-padding-x align-center\">\n          <\/div>\n            <div class=\"grid-x grid-padding-x align-center icon-callouts-grid\">\n                      <div class=\"cell medium-4 text-center\">\n                <div class=\"icon-callout--inner\">\n                                      <img decoding=\"async\" src=\"https:\/\/www.och-lco.ca\/wp-content\/uploads\/2023\/08\/noun-startup-1603342-1-blue.svg\" alt=\"Icon\">\n                                                                          <p>Dans un contexte \u00e9conomique difficile, la Soci\u00e9t\u00e9 de logement communautaire d&rsquo;Ottawa (LCO) a r\u00e9ussi \u00e0 concilier son d\u00e9sir de rendre le monde meilleur et la n\u00e9cessit\u00e9 de mener des activit\u00e9s plus durables sur le plan financier. <\/p>\n                    \n                                    \t<a class=\"button\" href=\"https:\/\/www.och-lco.ca\/fr\/renseignements-administratifs\/environnement-developpement-durable\/\" target=\"_self\">Apprenez-en plus<\/a>\n                                  <\/div>\n              <\/div>\n                            <div class=\"cell medium-4 text-center\">\n                <div class=\"icon-callout--inner\">\n                                      <img decoding=\"async\" src=\"https:\/\/www.och-lco.ca\/wp-content\/uploads\/2023\/08\/noun-handshake-1603584-1-blue.svg\" alt=\"Icon\">\n                                                                          <p>\u00c0 LCO, nos employ\u00e9s viennent de tous les horizons, repr\u00e9sentent tous les genres, tous les groupes d&rsquo;\u00e2ge, toutes les orientations sexuelles, parlent une multitude de langues et partagent des exp\u00e9riences et des perspectives diff\u00e9rentes. Nous ne voudrions pas qu&rsquo;il en soit autrement. <\/p>\n                    \n                                    \t<a class=\"button\" href=\"https:\/\/www.och-lco.ca\/corporate-information\/diversity-equity-inclusion\/\" target=\"_self\">Apprenez-en plus<\/a>\n                                  <\/div>\n              <\/div>\n                            <div class=\"cell medium-4 text-center\">\n                <div class=\"icon-callout--inner\">\n                                      <img decoding=\"async\" src=\"https:\/\/www.och-lco.ca\/wp-content\/uploads\/2023\/08\/noun-open-house-1604445-1-blue.svg\" alt=\"Icon\">\n                                                                          <p>LCO dispose d&rsquo;une Strat\u00e9gie de d\u00e9veloppement sur dix ans qui d\u00e9crit les plans de construction d&rsquo;un plus grand nombre de logements abordables. Le Plan d\u00e9cennal pour le logement et l&rsquo;itin\u00e9rance de la Ville d&rsquo;Ottawa vise \u00e0 ce que LCO ajoute en moyenne 300 logements abordables par an.<\/p>\n                    \n                                    \t<a class=\"button\" href=\"https:\/\/www.och-lco.ca\/fr\/renseignements-administratifs\/strategie-de-developpement\/\" target=\"_self\">Apprenez-en plus<\/a>\n                                  <\/div>\n              <\/div>\n                        <\/div>\n            <\/div>\n<\/section>\n","protected":false},"excerpt":{"rendered":"","protected":false},"author":12,"featured_media":12197,"parent":11917,"menu_order":8,"comment_status":"closed","ping_status":"closed","template":"","meta":{"_acf_changed":true,"footnotes":""},"class_list":["post-11920","page","type-page","status-publish","has-post-thumbnail","hentry"],"acf":[],"_links":{"self":[{"href":"https:\/\/www.och-lco.ca\/fr\/wp-json\/wp\/v2\/pages\/11920","targetHints":{"allow":["GET"]}}],"collection":[{"href":"https:\/\/www.och-lco.ca\/fr\/wp-json\/wp\/v2\/pages"}],"about":[{"href":"https:\/\/www.och-lco.ca\/fr\/wp-json\/wp\/v2\/types\/page"}],"author":[{"embeddable":true,"href":"https:\/\/www.och-lco.ca\/fr\/wp-json\/wp\/v2\/users\/12"}],"replies":[{"embeddable":true,"href":"https:\/\/www.och-lco.ca\/fr\/wp-json\/wp\/v2\/comments?post=11920"}],"version-history":[{"count":0,"href":"https:\/\/www.och-lco.ca\/fr\/wp-json\/wp\/v2\/pages\/11920\/revisions"}],"up":[{"embeddable":true,"href":"https:\/\/www.och-lco.ca\/fr\/wp-json\/wp\/v2\/pages\/11917"}],"wp:featuredmedia":[{"embeddable":true,"href":"https:\/\/www.och-lco.ca\/fr\/wp-json\/wp\/v2\/media\/12197"}],"wp:attachment":[{"href":"https:\/\/www.och-lco.ca\/fr\/wp-json\/wp\/v2\/media?parent=11920"}],"curies":[{"name":"wp","href":"https:\/\/api.w.org\/{rel}","templated":true}]}}