{"id":11940,"date":"2023-02-01T11:57:56","date_gmt":"2023-02-01T16:57:56","guid":{"rendered":"https:\/\/www.och-lco.ca\/corporate-information\/och-strategic-plan\/"},"modified":"2024-06-14T07:53:39","modified_gmt":"2024-06-14T11:53:39","slug":"plan-strategique-lco","status":"publish","type":"page","link":"https:\/\/www.och-lco.ca\/fr\/renseignements-administratifs\/plan-strategique-lco\/","title":{"rendered":"Plan strat\u00e9gique de LCO"},"content":{"rendered":"\n<section class=\"section section--text-block alignfull bg-white\" >\n  <div class=\"grid-container\">\n    <div class=\"grid-x grid-padding-x align-middle \">\n      <div class=\"cell text-left\">\n                              <h2>Les logements abordables sont une partie importante de l\u2019infrastructure sociale et \u00e9conomique d\u2019une ville saine.<\/h2>\n                                    <h3>Nous sommes fiers de vous pr\u00e9senter le plan strat\u00e9gique de LCO 2024-2027<\/h3>\n                          <div >\n            <p>\u00c0 LCO, nous nous engageons \u00e0 transformer nos logements en milieu de vie et d&rsquo;\u00e9panouissement. Notre Plan strat\u00e9gique, \u00e9labor\u00e9 en collaboration avec nos diff\u00e9rents collaborateurs, d\u00e9crit notre ligne de conduite pour construire et pr\u00e9server des logements abordables, fournir des services exceptionnels \u00e0 nos locataires, \u00e9tablir des partenariats communautaires solides et s&rsquo;efforcer d&rsquo;innover et de cro\u00eetre de fa\u00e7on durable. Guid\u00e9es par notre engagement in\u00e9branlable envers nos valeurs C.A.R.E., nos \u00e9quipes s&rsquo;efforcent d&rsquo;avoir un impact \u00e0 long terme sur la communaut\u00e9 et le secteur du logement abordable.<\/p>\n          <\/div>\n                      <\/div>\n    <\/div>\n  <\/div>\n<\/section>\n\n\n\n<div class=\"wp-block-columns is-layout-flex wp-container-core-columns-is-layout-7fc3d43a wp-block-columns-is-layout-flex\">\n<div class=\"wp-block-column is-layout-flow wp-block-column-is-layout-flow\" style=\"flex-basis:100%\">\n<figure class=\"wp-block-image size-full\"><img loading=\"lazy\" decoding=\"async\" width=\"17250\" height=\"11250\" src=\"https:\/\/www.och-lco.ca\/wp-content\/uploads\/2024\/06\/OCH_Strategic_Plan_OnePager_May-2024_FR.png\" alt=\"\" class=\"wp-image-16972\"\/><\/figure>\n\n\n\n<div style=\"position: relative; width: 100%; height: 0; padding-top: 75.0000%;\n padding-bottom: 0; box-shadow: 0 2px 8px 0 rgba(63,69,81,0.16); margin-top: 1.6em; margin-bottom: 0.9em; overflow: hidden;\n border-radius: 8px; will-change: transform;\">\n  <iframe loading=\"lazy\" style=\"position: absolute; width: 100%; height: 100%; top: 0; left: 0; border: none; padding: 0;margin: 0;\"\n    src=\"https:&#x2F;&#x2F;www.canva.com&#x2F;design&#x2F;DAFu6feBirc&#x2F;view?embed\" allowfullscreen=\"allowfullscreen\" allow=\"fullscreen\">\n  <\/iframe>\n<\/div>\n<\/div>\n<\/div>\n","protected":false},"excerpt":{"rendered":"","protected":false},"author":11,"featured_media":13858,"parent":11917,"menu_order":4,"comment_status":"closed","ping_status":"closed","template":"","meta":{"_acf_changed":false,"footnotes":""},"class_list":["post-11940","page","type-page","status-publish","has-post-thumbnail","hentry"],"acf":[],"_links":{"self":[{"href":"https:\/\/www.och-lco.ca\/fr\/wp-json\/wp\/v2\/pages\/11940","targetHints":{"allow":["GET"]}}],"collection":[{"href":"https:\/\/www.och-lco.ca\/fr\/wp-json\/wp\/v2\/pages"}],"about":[{"href":"https:\/\/www.och-lco.ca\/fr\/wp-json\/wp\/v2\/types\/page"}],"author":[{"embeddable":true,"href":"https:\/\/www.och-lco.ca\/fr\/wp-json\/wp\/v2\/users\/11"}],"replies":[{"embeddable":true,"href":"https:\/\/www.och-lco.ca\/fr\/wp-json\/wp\/v2\/comments?post=11940"}],"version-history":[{"count":0,"href":"https:\/\/www.och-lco.ca\/fr\/wp-json\/wp\/v2\/pages\/11940\/revisions"}],"up":[{"embeddable":true,"href":"https:\/\/www.och-lco.ca\/fr\/wp-json\/wp\/v2\/pages\/11917"}],"wp:featuredmedia":[{"embeddable":true,"href":"https:\/\/www.och-lco.ca\/fr\/wp-json\/wp\/v2\/media\/13858"}],"wp:attachment":[{"href":"https:\/\/www.och-lco.ca\/fr\/wp-json\/wp\/v2\/media?parent=11940"}],"curies":[{"name":"wp","href":"https:\/\/api.w.org\/{rel}","templated":true}]}}