{"id":12044,"date":"2023-02-01T11:58:49","date_gmt":"2023-02-01T16:58:49","guid":{"rendered":"https:\/\/www.och-lco.ca\/join-our-team\/contractors-suppliers\/"},"modified":"2026-02-19T15:49:24","modified_gmt":"2026-02-19T20:49:24","slug":"entrepreneurs-fournisseurs","status":"publish","type":"page","link":"https:\/\/www.och-lco.ca\/fr\/joignez-vous-equipe\/entrepreneurs-fournisseurs\/","title":{"rendered":"Entrepreneurs et fournisseurs"},"content":{"rendered":"\n<section class=\"section section--impact-area alignfull\" >\n  <div class=\"grid-container full fade-up-and-in\">\n    <div class=\"grid-x\">\n      <div class=\"cell medium-6\">\n                  <div class=\"impact-cell-inner text\">\n                          <h1>Entrepreneurs et fournisseurs<\/h1>\n                                      <h3>La Soci\u00e9t\u00e9 de logement communautaire d&rsquo;Ottawa utilise MERX pour informer les entreprises des appels d&rsquo;offres publics.<\/h3>\n                                    \t<a class=\"button button-light\" href=\"https:\/\/www.merx.com\/?language=FR\" target=\"_blank\">CONSULTER LE SITE DE MERX<\/a>\n                      <\/div>\n              <\/div>\n      <div class=\"cell medium-6\">\n                            <div class=\"impact-cell-inner image\">\n            <div class=\"impact-image\" style=\"background-image: url(https:\/\/www.och-lco.ca\/wp-content\/uploads\/2023\/02\/bigstock-Handshake-95846351-1024x684-1.jpg); background-position: center center; background-size: cover; background-repeat: no-repeat;\"><\/div>\n          <\/div>\n                        <\/div>\n    <\/div>\n  <\/div>\n<\/section>\n\n\n\n<section class=\"section section--text-block alignfull bg-white\" >\n  <div class=\"grid-container\">\n    <div class=\"grid-x grid-padding-x align-middle \">\n      <div class=\"cell text-left\">\n                                  <div >\n            <p>La Soci\u00e9t\u00e9 de logement communautaire d\u2019Ottawa publie ses appels d\u2019offres sur Merx. Si vous souhaitez recevoir les avis sur nos appels d\u2019offres et autres offres de contrat pour les entrepreneurs et les fournisseurs, nous vous encourageons \u00e0 vous inscrire au service d\u2019appels d\u2019offres en ligne de Merx.<\/p>\n<p>Conform\u00e9ment \u00e0 la Politique et la proc\u00e9dure d\u2019approvisionnement de LCO, les sollicitations de propositions :<\/p>\n<ul>\n<li>ayant une valeur sup\u00e9rieure \u00e0 125 000 $ font l\u2019objet d\u2019un appel d\u2019offres public en ligne, g\u00e9n\u00e9ralement par l\u2019entremise de <a href=\"http:\/\/www.merx.com\/\">Merx<\/a>;<\/li>\n<li>ayant une valeur inf\u00e9rieure \u00e0 125 000 $ sont attribu\u00e9es de diff\u00e9rentes fa\u00e7ons.<\/li>\n<\/ul>\n<p>Pour de plus amples renseignements sur nos appels d\u2019offre, veuillez communiquez avec nous par courriel \u00e0 :\u00a0<a href=\"mailto:bids@och.ca\">bids@och.ca<\/a><\/p>\n<p>LCO attribue \u00e9galement des contrats en utilisant les demandes d&rsquo;offres \u00e0 commandes de la Ville d&rsquo;Ottawa et les organismes d&rsquo;achat group\u00e9 Kinetic et OECM. Les fournisseurs enregistr\u00e9s aupr\u00e8s de ces organismes peuvent \u00eatre utilis\u00e9s par LCO.<\/p>\n          <\/div>\n                          \t<a class=\"button \" href=\"https:\/\/www.merx.com\/?language=FR\" target=\"_blank\">CONSULTER LE SITE DE MERX<\/a>\n              <\/div>\n    <\/div>\n  <\/div>\n<\/section>\n","protected":false},"excerpt":{"rendered":"","protected":false},"author":8,"featured_media":6413,"parent":11843,"menu_order":0,"comment_status":"closed","ping_status":"closed","template":"","meta":{"_acf_changed":true,"footnotes":""},"class_list":["post-12044","page","type-page","status-publish","has-post-thumbnail","hentry"],"acf":[],"_links":{"self":[{"href":"https:\/\/www.och-lco.ca\/fr\/wp-json\/wp\/v2\/pages\/12044","targetHints":{"allow":["GET"]}}],"collection":[{"href":"https:\/\/www.och-lco.ca\/fr\/wp-json\/wp\/v2\/pages"}],"about":[{"href":"https:\/\/www.och-lco.ca\/fr\/wp-json\/wp\/v2\/types\/page"}],"author":[{"embeddable":true,"href":"https:\/\/www.och-lco.ca\/fr\/wp-json\/wp\/v2\/users\/8"}],"replies":[{"embeddable":true,"href":"https:\/\/www.och-lco.ca\/fr\/wp-json\/wp\/v2\/comments?post=12044"}],"version-history":[{"count":0,"href":"https:\/\/www.och-lco.ca\/fr\/wp-json\/wp\/v2\/pages\/12044\/revisions"}],"up":[{"embeddable":true,"href":"https:\/\/www.och-lco.ca\/fr\/wp-json\/wp\/v2\/pages\/11843"}],"wp:featuredmedia":[{"embeddable":true,"href":"https:\/\/www.och-lco.ca\/fr\/wp-json\/wp\/v2\/media\/6413"}],"wp:attachment":[{"href":"https:\/\/www.och-lco.ca\/fr\/wp-json\/wp\/v2\/media?parent=12044"}],"curies":[{"name":"wp","href":"https:\/\/api.w.org\/{rel}","templated":true}]}}