{"id":12215,"date":"2023-01-03T10:58:42","date_gmt":"2023-01-03T15:58:42","guid":{"rendered":"https:\/\/www.och-lco.ca\/pest-management\/"},"modified":"2025-01-21T16:20:36","modified_gmt":"2025-01-21T21:20:36","slug":"lutte-antiparasitaire","status":"publish","type":"page","link":"https:\/\/www.och-lco.ca\/fr\/locataire\/lutte-antiparasitaire\/","title":{"rendered":"Lutte antiparasitaire"},"content":{"rendered":"\n<section class=\"section section--impact-area alignfull\" >\n  <div class=\"grid-container full fade-up-and-in\">\n    <div class=\"grid-x\">\n      <div class=\"cell medium-6\">\n                  <div class=\"impact-cell-inner text\">\n                          <h1>Lutte antiparasitaire<\/h1>\n                                      <h3>Une lutte antiparasitaire r\u00e9ussie n\u00e9cessite un partenariat entre le propri\u00e9taire et le locataire.<\/h3>\n                                  <\/div>\n              <\/div>\n      <div class=\"cell medium-6\">\n                            <div class=\"impact-cell-inner image\">\n            <div class=\"impact-image\" style=\"background-image: url(https:\/\/www.och-lco.ca\/wp-content\/uploads\/2024\/07\/IPM-Vehicle-2-e1721230380144.jpg); background-position: center center; background-size: cover; background-repeat: no-repeat;\"><\/div>\n          <\/div>\n                        <\/div>\n    <\/div>\n  <\/div>\n<\/section>\n\n\n\n<section class=\"section section--text-block alignfull bg-\" >\n  <div class=\"grid-container\">\n    <div class=\"grid-x grid-padding-x align-middle \">\n      <div class=\"cell text-left\">\n                              <h2>TRAVAILLER ENSEMBLE<\/h2>\n                                            <div >\n            <p style=\"text-align: left;\">Il est important que nos locataires comprennent qu\u2019ils ne sont pas seuls et qu\u2019ils constituent un partenaire essentiel pour veiller \u00e0 une lutte antiparasitaire efficace. Le locataire a la responsabilit\u00e9\u00a0de bien faire l\u2019entretien m\u00e9nager du logement, de signaler les probl\u00e8mes de parasites, de pr\u00e9parer ad\u00e9quatement son logement pour le traitement et de rendre le logement accessible pour le traitement.\u00a0Nous sommes responsables\u00a0de l\u2019entretien du logement et de fournir les traitements. Sans cette collaboration, nous r\u00e9duisons significativement les chances de r\u00e9ussite.<\/p>\n          <\/div>\n                      <\/div>\n    <\/div>\n  <\/div>\n<\/section>\n\n\n\n<section class=\"section section--text-banner alignfull \" >\n  <div class=\"grid-container\">\n    <div class=\"grid-x grid-padding-x align-middle\">\n      <div class=\"cell text-center\">\n        <div class=\"text-banner-inner\">\n                      <img decoding=\"async\" src=\"https:\/\/www.och-lco.ca\/wp-content\/uploads\/2023\/08\/noun-telephone-resized-blue.svg\" alt=\"\">\n                                <h3>Avisez imm\u00e9diatement le Centre d&rsquo;appels 24\/7 de LCO au 613 731-1182 si vous apercevez un parasite.<\/h3>\n                                      <\/div>\n      <\/div>\n    <\/div>\n  <\/div>\n<\/section>\n\n\n\n<section class=\"section section--case-studies alignfull\" >\n  <div class=\"grid-container\">\n    <div class=\"grid-x grid-padding-x\">\n      <div class=\"cell case-studies-title\">\n                              <h5>Le programme de lutte antiparasitaire<\/h5>\n                                <\/div>\n      <div class=\"cell medium-4\">\n                    <ul class=\"case-studies-nav\">\n                            <li><a href=\"#que-sont-les-parasites\" class=\"is-active\">Que sont les parasites ?<\/a><\/li>\n                              <li><a href=\"#le-programme-de-lutte-antiparasitaire-de-lco\" >Le programme de lutte antiparasitaire de LCO<\/a><\/li>\n                              <li><a href=\"#liste-de-verification-des-locataires\" >Liste de v\u00e9rification des locataires<\/a><\/li>\n                              <li><a href=\"#liste-de-verification-de-lco\" >Liste de v\u00e9rification de LCO<\/a><\/li>\n                          <\/ul>\n                  <\/div>\n      <div class=\"cell medium-8\">\n                    <div class=\"case-studies-wrapper\">\n                            <div class=\"case-study-single is-active\" data-case-study=\"que-sont-les-parasites\" id=\"que-sont-les-parasites\">\n                  <h3>Que sont les parasites ?<\/h3>\n                                    <p>La lutte antiparasitaire est une part importante des op\u00e9rations et de la responsabilit\u00e9 d\u2019entretien de Logement communautaire d\u2019Ottawa (LCO).<\/p>\n<h4>LES PARASITES COMPRENNENT :<\/h4>\n<ul>\n<li>les coquerelles<\/li>\n<li>les puces de lit<\/li>\n<li>les rongeurs<\/li>\n<li>les fourmis<\/li>\n<li>les pigeons<\/li>\n<li>d\u2019autres esp\u00e8ces d\u2019animaux sauvages telles que les ratons laveurs<\/li>\n<\/ul>\n                                  <\/div>\n                              <div class=\"case-study-single \" data-case-study=\"le-programme-de-lutte-antiparasitaire-de-lco\" id=\"le-programme-de-lutte-antiparasitaire-de-lco\">\n                  <h3>Le programme de lutte antiparasitaire de LCO<\/h3>\n                                    <p>La gestion antiparasitaire est une priorit\u00e9 pour Logement communautaire d\u2019Ottawa et toutes les manifestations de parasites sont prises tr\u00e8s au s\u00e9rieux. Tous les efforts sont d\u00e9ploy\u00e9s pour que les locataires de LCO vivent dans des communaut\u00e9s en sant\u00e9. Notre objectif est d\u2019\u00e9liminer la pr\u00e9sence et la r\u00e9apparition des parasites au moyen d\u2019une pr\u00e9paration efficace et d\u2019un traitement appropri\u00e9. Nous voulons \u00e9galement sensibiliser les locataires \u00e0 ce probl\u00e8me, tout en les aidant \u00e0 composer avec la nature envahissante des parasites et le stress qu\u2019ils peuvent causer. Nous offrons des services professionnels de gestion antiparasitaire sans frais pour aider les locataires confront\u00e9s \u00e0 des d\u00e9fis de lutte antiparasitaire. LCO travaille de mani\u00e8re \u00e9troite et proactive avec ses locataires et partenaires, y compris\u00a0<a href=\"http:\/\/ottawa.ca\/fr\/residents\/sante-publique\">Sant\u00e9 publique Ottawa<\/a>\u00a0et\u00a0<a href=\"http:\/\/owcs.ca\/fr\/\">Vieillir chez soi<\/a>, pour \u00e9liminer et r\u00e9duire les possibilit\u00e9s de pr\u00e9sence ou de retour de parasites.<\/p>\n<p>LCO observe tous les r\u00e8glements gouvernementaux en mati\u00e8re de produits de lutte antiparasitaire. Les probl\u00e8mes de gestion antiparasitaire sont de plus en plus fr\u00e9quents pour tous les propri\u00e9taires, pas seulement pour LCO. Nous sommes d\u00e9termin\u00e9s \u00e0 am\u00e9liorer continuellement l\u2019efficacit\u00e9 de ce programme.<\/p>\n<p><strong>L&rsquo;\u00c9QUIPE DES SERVICES DE LUTTE ANTIPARASITAIRE INT\u00c9GR\u00c9E\u00a0<\/strong><\/p>\n<ul>\n<li>Lanc\u00e9e en mars 2016<\/li>\n<li>\u00c9tablie pour am\u00e9liorer les services aux locataires et pour r\u00e9duire le niveau d&rsquo;infestations parasitaires<\/li>\n<li>Un groupe d\u00e9di\u00e9 de sp\u00e9cialistes internes de la gestion parasitaire agr\u00e9\u00e9s, qui travaillent avec les locataires de LCO et collaborent avec les partenaires d&rsquo;agence pour non seulement fournir un programme de traitement complet, mais aussi pour \u00e9duquer, fournir un soutien et impliquer les locataires dans le processus de pr\u00e9vention et de traitement<\/li>\n<li>Cr\u00e9\u00e9 pour augmenter la capacit\u00e9 d&rsquo;analyse, de contr\u00f4le, d&rsquo;am\u00e9lioration continue et pour avoir une approche coh\u00e9rente, standardis\u00e9e et planifi\u00e9e<\/li>\n<\/ul>\n                                  <\/div>\n                              <div class=\"case-study-single \" data-case-study=\"liste-de-verification-des-locataires\" id=\"liste-de-verification-des-locataires\">\n                  <h3>Liste de v\u00e9rification des locataires<\/h3>\n                                    <p>La pr\u00e9vention de la prolif\u00e9ration de parasites commence chez vous. En tant que locataires, vous avez la responsabilit\u00e9 de veiller \u00e0 l\u2019entretien r\u00e9gulier de votre logement et d\u2019informer LCO imm\u00e9diatement si vous constatez la pr\u00e9sence de parasites.<\/p>\n<ul>\n<li>Assurez-vous de garder la cuisine et la salle de bain propres<\/li>\n<li>Nettoyez imm\u00e9diatement les d\u00e9g\u00e2ts de nourriture, surtout sur les tapis et sur les meubles<\/li>\n<li>Faites la vaisselle apr\u00e8s chaque repas<\/li>\n<li>Toujours gardez les environs du r\u00e9frig\u00e9rateur et de la cuisini\u00e8re propres<\/li>\n<li>Signalez imm\u00e9diatement les fuites de robinet ou de raccord sous l\u2019\u00e9vier ou le lavabo<\/li>\n<li>Jetez imm\u00e9diatement les emballages et les bo\u00eetes de conserve d\u2019aliments vides<\/li>\n<li>Ne pas ranger les sacs de plastique ou de papier sous l\u2019\u00e9vier<\/li>\n<li>Sortez quotidiennement les vidanges de votre logis et placez-les dans un sac bien ferm\u00e9 avant de les jeter dans la chute \u00e0 d\u00e9chets ou \u00e0 l\u2019ext\u00e9rieur<\/li>\n<li>Passez l\u2019aspirateur et balayez les planchers quotidiennement<\/li>\n<li>Signalez toute pr\u00e9sence de coquerelles \u00e0 LCO en appelant le\u00a0<span class=\"baec5a81-e4d6-4674-97f3-e9220f0136c1\">613-731-1182, option 3<\/span><\/li>\n<\/ul>\n                                  <\/div>\n                              <div class=\"case-study-single \" data-case-study=\"liste-de-verification-de-lco\" id=\"liste-de-verification-de-lco\">\n                  <h3>Liste de v\u00e9rification de LCO<\/h3>\n                                    <p>Lorsque la pr\u00e9sence de parasites a \u00e9t\u00e9 signal\u00e9e par un locataire\u00a0:<\/p>\n<ul>\n<li>Inspection exhaustive des aires communes et des appartements<\/li>\n<li>LCO fournit les outils n\u00e9cessaires et offre des conseils de pr\u00e9vention (couvre-matelas, outils ou appareils de surveillance gratuits)<\/li>\n<li>Les locataires ne seront pas mis \u00e0 l&rsquo;\u00e9cart<\/li>\n<li>Acc\u00e8s \u00e0 un s\u00e9choir commercial pour aider les locataires \u00e0 se pr\u00e9parer<\/li>\n<li>Traitement gratuit du logement du locataire<\/li>\n<\/ul>\n                                  <\/div>\n                          <\/div>\n                  <\/div>\n    <\/div>\n  <\/div>\n<\/section>\n\n\n\n<section class=\"section section--icon-callouts bg-property-grey-light alignfull\" >\n  <div class=\"grid-container\">\n    <div class=\"grid-x grid-padding-x align-center\">\n          <\/div>\n            <div class=\"grid-x grid-padding-x align-center icon-callouts-grid\">\n                      <div class=\"cell medium-4 text-center\">\n                <div class=\"icon-callout--inner\">\n                                      <img decoding=\"async\" src=\"https:\/\/www.och-lco.ca\/wp-content\/uploads\/2023\/08\/pdf_icon-blue.svg\" alt=\"Icon\">\n                                                                          <p>Vous souhaitez t\u00e9l\u00e9charger des brochures, des guides de jardinage ou des formulaires ?<\/p>\n                    \n                                    \t<a class=\"button\" href=\"https:\/\/www.och-lco.ca\/fr\/locataire\/ressources\/brochures-guides\/\" target=\"_self\">Consulter les brochures<\/a>\n                                  <\/div>\n              <\/div>\n                            <div class=\"cell medium-4 text-center\">\n                <div class=\"icon-callout--inner\">\n                                      <img decoding=\"async\" src=\"https:\/\/www.och-lco.ca\/wp-content\/uploads\/2023\/08\/noun-buy-house-resized-blue.svg\" alt=\"Icon\">\n                                                                          <p>Chez-moi est un service en ligne qui permet aux locataires de LCO d&rsquo;acc\u00e9der plus facilement aux services et de nous contacter.<\/p>\n                    \n                                    \t<a class=\"button\" href=\"https:\/\/www.och-lco.ca\/fr\/chez-moi\/\" target=\"_self\">Acc\u00e9dez \u00e0 Chez-moi<\/a>\n                                  <\/div>\n              <\/div>\n                            <div class=\"cell medium-4 text-center\">\n                <div class=\"icon-callout--inner\">\n                                      <img decoding=\"async\" src=\"https:\/\/www.och-lco.ca\/wp-content\/uploads\/2023\/08\/noun-telephone-resized-blue.svg\" alt=\"Icon\">\n                                                                          <p>Vous avez une question ou un commentaire ? Contactez-nous.<\/p>\n                    \n                                    \t<a class=\"button\" href=\"https:\/\/www.och-lco.ca\/fr\/communiquez-avec-nous\/\" target=\"_self\">Contactez nous<\/a>\n                                  <\/div>\n              <\/div>\n                        <\/div>\n            <\/div>\n<\/section>\n","protected":false},"excerpt":{"rendered":"","protected":false},"author":12,"featured_media":17165,"parent":13178,"menu_order":1,"comment_status":"closed","ping_status":"closed","template":"","meta":{"_acf_changed":true,"footnotes":""},"class_list":["post-12215","page","type-page","status-publish","has-post-thumbnail","hentry"],"acf":[],"_links":{"self":[{"href":"https:\/\/www.och-lco.ca\/fr\/wp-json\/wp\/v2\/pages\/12215","targetHints":{"allow":["GET"]}}],"collection":[{"href":"https:\/\/www.och-lco.ca\/fr\/wp-json\/wp\/v2\/pages"}],"about":[{"href":"https:\/\/www.och-lco.ca\/fr\/wp-json\/wp\/v2\/types\/page"}],"author":[{"embeddable":true,"href":"https:\/\/www.och-lco.ca\/fr\/wp-json\/wp\/v2\/users\/12"}],"replies":[{"embeddable":true,"href":"https:\/\/www.och-lco.ca\/fr\/wp-json\/wp\/v2\/comments?post=12215"}],"version-history":[{"count":0,"href":"https:\/\/www.och-lco.ca\/fr\/wp-json\/wp\/v2\/pages\/12215\/revisions"}],"up":[{"embeddable":true,"href":"https:\/\/www.och-lco.ca\/fr\/wp-json\/wp\/v2\/pages\/13178"}],"wp:featuredmedia":[{"embeddable":true,"href":"https:\/\/www.och-lco.ca\/fr\/wp-json\/wp\/v2\/media\/17165"}],"wp:attachment":[{"href":"https:\/\/www.och-lco.ca\/fr\/wp-json\/wp\/v2\/media?parent=12215"}],"curies":[{"name":"wp","href":"https:\/\/api.w.org\/{rel}","templated":true}]}}