{"id":12387,"date":"2022-11-11T15:10:46","date_gmt":"2022-11-11T20:10:46","guid":{"rendered":"https:\/\/www.och-lco.ca\/murals\/"},"modified":"2023-09-28T12:12:03","modified_gmt":"2023-09-28T16:12:03","slug":"murales","status":"publish","type":"page","link":"https:\/\/www.och-lco.ca\/fr\/locataire\/murales\/","title":{"rendered":"Murales"},"content":{"rendered":"\n<section class=\"section section--impact-area alignfull\" >\n  <div class=\"grid-container full fade-up-and-in\">\n    <div class=\"grid-x\">\n      <div class=\"cell medium-6\">\n                  <div class=\"impact-cell-inner text\">\n                          <h1>Murales<\/h1>\n                                      <h3>D\u00e9couvrez les peintures murales qui mettent en valeur les communaut\u00e9s de LCO<\/h3>\n                                  <\/div>\n              <\/div>\n      <div class=\"cell medium-6\">\n                            <div class=\"impact-cell-inner image\">\n            <div class=\"impact-image\" style=\"background-image: url(https:\/\/www.och-lco.ca\/wp-content\/uploads\/2022\/12\/murals-impact-1920x667.jpg); background-position: center center; background-size: cover; background-repeat: no-repeat;\"><\/div>\n          <\/div>\n                        <\/div>\n    <\/div>\n  <\/div>\n<\/section>\n\n\n\n<section class=\"section section--murals alignfull\" >\n  <div class=\"grid-container murals-header\">\n              <h2>Embellir les communaut\u00e9s de LCO, une murale \u00e0 la fois<\/h2>\n              <p><p>Logement communautaire d\u2019Ottawa s\u2019emploie \u00e0 cr\u00e9er des communaut\u00e9s saines, s\u00e9curitaires et inclusives o\u00f9 ses locataires peuvent fi\u00e8rement prendre racine. Les murales dans l\u2019ensemble de LCO embellissent les communaut\u00e9s et repr\u00e9sentent de mani\u00e8re artistique l\u2019esprit des gens qui y vivent. Par l\u2019entremise de ses murales, LCO invite ses locataires \u00e0 participer \u00e0 des conversations significatives se rapportant \u00e0 leurs communaut\u00e9s et enjolive le paysage urbain.<\/p>\n<\/p>\n      <\/div>\n  <div class=\"grid-container murals-archive\">\n    <div class=\"grid-x grid-padding-x paginated-list\">\n        \t\t<div class=\"cell medium-6 large-4\">\n          <a href=\"https:\/\/www.och-lco.ca\/fr\/murales\/sans-titre\/\">\n                            <div class=\"featured-img-thumbnail\" style=\"background-image: url(https:\/\/www.och-lco.ca\/wp-content\/uploads\/2026\/02\/Bronson-Mural-1024x768.jpg); background-size: cover; background-position: center center; background-repeat: no-repeat;\"><\/div>\n                        <h4>Sans titre<\/h4>\n                          <small class=\"artist-name\">Peint par : Claudia Salguero<\/small>\n                      <\/a>\n        <\/div>\n    \t\t    \t\t<div class=\"cell medium-6 large-4\">\n          <a href=\"https:\/\/www.och-lco.ca\/fr\/murales\/joy\/\">\n                            <div class=\"featured-img-thumbnail\" style=\"background-image: url(https:\/\/www.och-lco.ca\/wp-content\/uploads\/2025\/09\/Mural-gourp-1024x768.jpg); background-size: cover; background-position: center center; background-repeat: no-repeat;\"><\/div>\n                        <h4>Joy<\/h4>\n                          <small class=\"artist-name\">Peint par : Claudia Salguero<\/small>\n                      <\/a>\n        <\/div>\n    \t\t    \t\t<div class=\"cell medium-6 large-4\">\n          <a href=\"https:\/\/www.och-lco.ca\/fr\/murales\/self-built\/\">\n                            <div class=\"featured-img-thumbnail\" style=\"background-image: url(https:\/\/www.och-lco.ca\/wp-content\/uploads\/2025\/09\/20250915_171923-1024x473.jpg); background-size: cover; background-position: center center; background-repeat: no-repeat;\"><\/div>\n                        <h4>\u00ab Self-Built \u00bb<\/h4>\n                          <small class=\"artist-name\">Peint par : Claudia Salguero <\/small>\n                      <\/a>\n        <\/div>\n    \t\t    \t\t<div class=\"cell medium-6 large-4\">\n          <a href=\"https:\/\/www.och-lco.ca\/fr\/murales\/roue-de-medecine-murale\/\">\n                            <div class=\"featured-img-thumbnail\" style=\"background-image: url(https:\/\/www.och-lco.ca\/wp-content\/uploads\/2025\/09\/Brightmoon-1024x683.jpg); background-size: cover; background-position: center center; background-repeat: no-repeat;\"><\/div>\n                        <h4>Roue de m\u00e9decine murale<\/h4>\n                          <small class=\"artist-name\">Peint par : le personnel de LCO\u00a0\u00a0<\/small>\n                      <\/a>\n        <\/div>\n    \t\t    \t\t<div class=\"cell medium-6 large-4\">\n          <a href=\"https:\/\/www.och-lco.ca\/fr\/murales\/every-moment-matters-och-honours-volunteers\/\">\n                            <div class=\"featured-img-thumbnail\" style=\"background-image: url(https:\/\/www.och-lco.ca\/wp-content\/uploads\/2025\/09\/Volunteer-mural.jpg); background-size: cover; background-position: center center; background-repeat: no-repeat;\"><\/div>\n                        <h4>\u00c7a compte toujours, b\u00e9n\u00e9voles de LCO<\/h4>\n                          <small class=\"artist-name\">Peint par : NA<\/small>\n                      <\/a>\n        <\/div>\n    \t\t    \t\t<div class=\"cell medium-6 large-4\">\n          <a href=\"https:\/\/www.och-lco.ca\/fr\/murales\/murale-du-centre-ville\/\">\n                            <div class=\"featured-img-thumbnail\" style=\"background-image: url(https:\/\/www.och-lco.ca\/wp-content\/uploads\/2024\/09\/painting-1-1024x768.jpg); background-size: cover; background-position: center center; background-repeat: no-repeat;\"><\/div>\n                        <h4>Murale du centre-ville<\/h4>\n                          <small class=\"artist-name\">Peint par : Dan Martelock <\/small>\n                      <\/a>\n        <\/div>\n    \t\t              <div class=\"cell load-more-cell load-more\">\n        <a href=\"https:\/\/www.och-lco.ca\/fr\/wp-json\/wp\/v2\/pages\/12387\/page\/2\/\" class=\"button js-load-more\" data-load=\"Chargement...\">Voir la suite<\/a>\n      <\/div>\n            <\/div>\n  <\/div>\n<\/section>\n\n\n\n<section class=\"section section--icon-callouts bg-property-grey-light alignfull\" >\n  <div class=\"grid-container\">\n    <div class=\"grid-x grid-padding-x align-center\">\n          <\/div>\n            <div class=\"grid-x grid-padding-x align-center icon-callouts-grid\">\n                      <div class=\"cell medium-4 text-center\">\n                <div class=\"icon-callout--inner\">\n                                      <img decoding=\"async\" src=\"https:\/\/www.och-lco.ca\/wp-content\/uploads\/2023\/08\/noun-house-check-1604415-1-blue.svg\" alt=\"Icon\">\n                                                                          <p>Les propri\u00e9t\u00e9s de l&rsquo;OCH sont list\u00e9es \u00e0 titre d&rsquo;information uniquement, pour comprendre o\u00f9 nos logements sont situ\u00e9s dans la ville.<\/p>\n                    \n                                    \t<a class=\"button\" href=\"https:\/\/www.och-lco.ca\/fr\/recherche-logement\/explorez-nos-proprietes\/\" target=\"_self\">Parcourir les propri\u00e9t\u00e9s<\/a>\n                                  <\/div>\n              <\/div>\n                            <div class=\"cell medium-4 text-center\">\n                <div class=\"icon-callout--inner\">\n                                      <img decoding=\"async\" src=\"https:\/\/www.och-lco.ca\/wp-content\/uploads\/2023\/08\/noun-handshake-1603584-1-blue.svg\" alt=\"Icon\">\n                                                                          <p>Le Fonds d&rsquo;investissement communautaire (FIC) est un programme parrain\u00e9 par LCO qui a \u00e9t\u00e9 cr\u00e9\u00e9 en 2009 en tant que programme d&rsquo;engagement des locataires.<\/p>\n                    \n                                    \t<a class=\"button\" href=\"https:\/\/www.och-lco.ca\/fr\/je-suis-locataire\/fonds-dimmobilisations-communautaires\/\" target=\"_self\">Apprenez-en plus<\/a>\n                                  <\/div>\n              <\/div>\n                            <div class=\"cell medium-4 text-center\">\n                <div class=\"icon-callout--inner\">\n                                      <img decoding=\"async\" src=\"https:\/\/www.och-lco.ca\/wp-content\/uploads\/2023\/08\/noun-house-check-1604415-1-blue.svg\" alt=\"Icon\">\n                                                                          <p>Apprenez comment faire une demande de logement subventionn\u00e9e.<\/p>\n                    \n                                    \t<a class=\"button\" href=\"https:\/\/housingregistry.ca\/fr\/\" target=\"_blank\">Appliquer maintenant<\/a>\n                                  <\/div>\n              <\/div>\n                        <\/div>\n            <\/div>\n<\/section>\n","protected":false},"excerpt":{"rendered":"","protected":false},"author":12,"featured_media":1789,"parent":13178,"menu_order":0,"comment_status":"closed","ping_status":"closed","template":"","meta":{"_acf_changed":false,"footnotes":""},"class_list":["post-12387","page","type-page","status-publish","has-post-thumbnail","hentry"],"acf":[],"_links":{"self":[{"href":"https:\/\/www.och-lco.ca\/fr\/wp-json\/wp\/v2\/pages\/12387","targetHints":{"allow":["GET"]}}],"collection":[{"href":"https:\/\/www.och-lco.ca\/fr\/wp-json\/wp\/v2\/pages"}],"about":[{"href":"https:\/\/www.och-lco.ca\/fr\/wp-json\/wp\/v2\/types\/page"}],"author":[{"embeddable":true,"href":"https:\/\/www.och-lco.ca\/fr\/wp-json\/wp\/v2\/users\/12"}],"replies":[{"embeddable":true,"href":"https:\/\/www.och-lco.ca\/fr\/wp-json\/wp\/v2\/comments?post=12387"}],"version-history":[{"count":0,"href":"https:\/\/www.och-lco.ca\/fr\/wp-json\/wp\/v2\/pages\/12387\/revisions"}],"up":[{"embeddable":true,"href":"https:\/\/www.och-lco.ca\/fr\/wp-json\/wp\/v2\/pages\/13178"}],"wp:featuredmedia":[{"embeddable":true,"href":"https:\/\/www.och-lco.ca\/fr\/wp-json\/wp\/v2\/media\/1789"}],"wp:attachment":[{"href":"https:\/\/www.och-lco.ca\/fr\/wp-json\/wp\/v2\/media?parent=12387"}],"curies":[{"name":"wp","href":"https:\/\/api.w.org\/{rel}","templated":true}]}}