{"id":12716,"date":"2023-01-10T14:34:38","date_gmt":"2023-01-10T19:34:38","guid":{"rendered":"https:\/\/www.och-lco.ca\/low-cost-internet\/"},"modified":"2025-11-05T08:54:30","modified_gmt":"2025-11-05T13:54:30","slug":"internet-abordable","status":"publish","type":"page","link":"https:\/\/www.och-lco.ca\/fr\/locataire\/internet-abordable\/","title":{"rendered":"Internet abordable"},"content":{"rendered":"\n<section class=\"section section--impact-area alignfull\" >\n  <div class=\"grid-container full fade-up-and-in\">\n    <div class=\"grid-x\">\n      <div class=\"cell medium-6\">\n                  <div class=\"impact-cell-inner text\">\n                          <h1>Internet abordable<\/h1>\n                                      <h3>LCO a fait des d\u00e9marches aupr\u00e8s de plusieurs fournisseurs de connexion Internet pour rendre votre acc\u00e8s Internet plus abordable.<\/h3>\n                                  <\/div>\n              <\/div>\n      <div class=\"cell medium-6\">\n                            <div class=\"impact-cell-inner image\">\n            <div class=\"impact-image\" style=\"background-image: url(https:\/\/www.och-lco.ca\/wp-content\/uploads\/2023\/02\/shutterstock_1805888467-1920x717.jpg); background-position: center center; background-size: cover; background-repeat: no-repeat;\"><\/div>\n          <\/div>\n                        <\/div>\n    <\/div>\n  <\/div>\n<\/section>\n\n\n\n<p><\/p>\n\n\n\n<section class=\"section section--text-block alignfull bg-white\" >\n  <div class=\"grid-container\">\n    <div class=\"grid-x grid-padding-x align-middle \">\n      <div class=\"cell text-left\">\n                              <h2>Internet \u00e0 bas prix pour les locataires<\/h2>\n                                            <div class=\"large\">\n            <p>Deux compagnies offrent des services Internet aux locataires de LCO \u00e0 un tarif pr\u00e9f\u00e9rentiel : ROGERS et NCF.<\/p>\n          <\/div>\n                      <\/div>\n    <\/div>\n  <\/div>\n<\/section>\n\n\n\n<section class=\"section section--text-block alignfull bg-white\" >\n  <div class=\"grid-container\">\n    <div class=\"grid-x grid-padding-x align-middle \">\n      <div class=\"cell text-left\">\n                              <h2>Rogers<\/h2>\n                                    <h3>Le programme Branch\u00e9 sur le succ\u00e8s<\/h3>\n                          <div >\n            <p>Si vous \u00eates locataire de la Soci\u00e9t\u00e9 de logement communautaire d&rsquo;Ottawa, vous \u00eates admissible au programme Branch\u00e9 sur le succ\u00e8s de Rogers.<\/p>\n<p>Composez le <strong>1-866-689-0758<\/strong> pour confirmer votre admissibilit\u00e9 et commencez \u00e0 \u00e9conomiser d\u00e8s aujourd&rsquo;hui !<\/p>\n<div>\n<p>Vous pouvez aussi visiter le site internet de Rogers \u00e0 l&rsquo;adresse <a href=\"https:\/\/www.rogers.com\/fr\/branche-sur-le-succes\" target=\"_blank\" rel=\"noopener\">www.rogers.com\/fr\/branche-sur-le-succes<\/a>.<\/p>\n<p>&nbsp;<\/p>\n<\/div>\n          <\/div>\n                          \t<a class=\"button \" href=\"https:\/\/connectedforsuccess.ca\" target=\"_blank\">Visitez le site web de Rogers<\/a>\n              <\/div>\n    <\/div>\n  <\/div>\n<\/section>\n\n\n\n<section class=\"section section--accordion alignfull \" >\n  <div class=\"grid-container\">\n  \t\n  \t\t    <div class=\"grid-x grid-padding-x align-middle\">\n\t      \t\t      <div class=\"cell accortion-section-title\">\n\t\t      \t\t\t          <h2 class=\"navy\">ROGERS &#8211; Foire aux questions<\/h2>\n\t\t        \t\t        \t\t      <\/div>\n\t      \t    <\/div>\n        \n        \n\t\t\t<ul class=\"accordion\" data-accordion data-allow-all-closed=\"true\">\n\t\t\t\t\t<li class=\"accordion-item\" data-accordion-item>\n\t\t\t   <a href=\"#\" class=\"accordion-title\">COMMENT PUIS-JE OBTENIR PLUS D&rsquo;INFORMATIONS SUR LE PROGRAMME CONNECT\u00c9 SUR LE SUCC\u00c8S DE ROGERS ?<\/a>\n\t\t\t   <div class=\"accordion-content\" data-tab-content>\n\t\t\t   \t\t\t  \t<p>Pour en savoir plus sur le service Rogers Connect\u00e9 sur le succ\u00e8s et les forfaits disponibles avec diff\u00e9rentes options de d\u00e9bit, communiquez avec un agent du service Connect\u00e9 sur le succ\u00e8s d\u00e8s aujourd&rsquo;hui en composant le 1-866-689-0758, du lundi au vendredi de 9 h \u00e0 18 h (HNE) ou du samedi au dimanche de 9 h \u00e0 17 h (HNE), ou visitez-nous leur site internet : <a href=\"https:\/\/www.rogers.com\/fr\/branche-sur-le-succes\" target=\"_blank\" rel=\"noopener\">www.rogers.com\/fr\/branche-sur-le-succes<\/a><\/p>\n\t\t\t   \t\t\t   <\/div>\n\t\t\t <\/li>\n\t\t\t\t\t\t<li class=\"accordion-item\" data-accordion-item>\n\t\t\t   <a href=\"#\" class=\"accordion-title\">\u00c9LIGIBILIT\u00c9 ET MODALIT\u00c9S D&rsquo;INSCRIPTION<\/a>\n\t\t\t   <div class=\"accordion-content\" data-tab-content>\n\t\t\t   \t\t\t  \t<p class=\"paragraph\">Veuillez communiquer avec Rogers au <strong>1-866-689-0758<\/strong>, indiquer que vous \u00eates un locataire de LCO et fournir votre adresse pour \u00eatre admissible.<\/p>\n\t\t\t   \t\t\t   <\/div>\n\t\t\t <\/li>\n\t\t\t\t\t\t<li class=\"accordion-item\" data-accordion-item>\n\t\t\t   <a href=\"#\" class=\"accordion-title\">VAIS-JE DEVOIR PAYER DES FRAIS SUP\u00c9RIEURS AU TARIF MENSUEL DE MON PLAN, PLUS LES TAXES ?<\/a>\n\t\t\t   <div class=\"accordion-content\" data-tab-content>\n\t\t\t   \t\t\t  \t<p>Il n&rsquo;y a pas de frais suppl\u00e9mentaires au-del\u00e0 de votre forfait mensuel plus les taxes applicables. S&rsquo;il y a des frais inexpliqu\u00e9s au-del\u00e0 du tarif mensuel, communiquez avec Rogers pour obtenir de l&rsquo;aide. Veuillez noter que des frais de retard vous seront factur\u00e9s si vous ne payez pas votre facture \u00e0 temps.<\/p>\n\t\t\t   \t\t\t   <\/div>\n\t\t\t <\/li>\n\t\t\t\t\t\t<li class=\"accordion-item\" data-accordion-item>\n\t\t\t   <a href=\"#\" class=\"accordion-title\">JE SUIS D\u00c9J\u00c0 UN.E CLIENT.E DE ROGERS ET J&rsquo;AI UN FORFAIT POUR L&rsquo;INTERNET ET LA TV. SI JE M&rsquo;INSCRIS \u00c0 ROGERS CONNECTED FOR SUCCESS, EST-CE QUE JE PERDRAI MON RABAIS DE FORFAIT OU MA PROMOTION D&rsquo;ABONNEMENT ?<\/a>\n\t\t\t   <div class=\"accordion-content\" data-tab-content>\n\t\t\t   \t\t\t  \t<p>Le programme Connect\u00e9 sur le succ\u00e8s offre des tarifs sp\u00e9ciaux aux clients qualifi\u00e9s. Par cons\u00e9quent, les clients qui profitent de ces plans individuels ou de ces forfaits ne sont pas admissibles \u00e0 d&rsquo;autres rabais ou promotions.<\/p>\n<p>Les sp\u00e9cialistes du programme examineront les d\u00e9tails de votre compte et trouveront la meilleure solution pour vous et votre foyer.<\/p>\n\t\t\t   \t\t\t   <\/div>\n\t\t\t <\/li>\n\t\t\t\t\t\t<li class=\"accordion-item\" data-accordion-item>\n\t\t\t   <a href=\"#\" class=\"accordion-title\">VOUS AVEZ DES QUESTIONS RELATIVES \u00c0 LA FACTURATION ET \u00c0 LA COMPTABILIT\u00c9 ?<\/a>\n\t\t\t   <div class=\"accordion-content\" data-tab-content>\n\t\t\t   \t\t\t  \t<p>Veuillez appeler et parler \u00e0 un repr\u00e9sentant de Branch\u00e9 sur le succ\u00e8s au 1-866-689-0758, ou visitez : <a href=\"https:\/\/www.rogers.com\/support\/billing-accountshttps:\/\/www.rogers.com\/support\/billing-accounts\" target=\"_blank\" rel=\"noopener\">https:\/\/www.rogers.com\/support\/billing-accountshttps:\/\/www.rogers.com\/support\/billing-accounts<\/a>.<\/p>\n\t\t\t   \t\t\t   <\/div>\n\t\t\t <\/li>\n\t\t\t\t\t<\/ul>\n\t\t\t\n\t  <\/div>\n<\/section>\n\n\n\n<section class=\"section section--text-block alignfull bg-white\" >\n  <div class=\"grid-container\">\n    <div class=\"grid-x grid-padding-x align-middle \">\n      <div class=\"cell text-left\">\n                              <h2>Le Libertel de la Capitale Nationale (NCF en anglais)<\/h2>\n                                    <h3>Un \u00e9ventail de forfaits de services Internet abordables<\/h3>\n                          <div >\n            <p>Le Libertel de la Capitale Nationale offre le service aux r\u00e9sidents de Logement communautaire d&rsquo;Ottawa \u00e0 un tarif r\u00e9duit par l&rsquo;entremise de notre Fonds d&rsquo;acc\u00e8s communautaire. Tous nos forfaits sont illimit\u00e9s, ce qui vous permet d&rsquo;utiliser l&rsquo;Internet autant que vous le souhaitez, sans craindre de payer des frais suppl\u00e9mentaires.<\/p>\n<p>Contactez le Libertel de la Capitale Nationale pour conna\u00eetre leurs forfaits.<\/p>\n<p><strong>COMMENT CONTACTER LE LIBERTEL DE LA CAPITALE NATIONALE :<\/strong><\/p>\n<p>613-721-8445<br \/>\n<a href=\"https:\/\/www.ncf.ca\/fr\/\" target=\"_blank\" rel=\"noopener\">www.ncf.ca\/fr<\/a><br \/>\n<a href=\"mailto:communityaccess@ncf.ca\" target=\"_blank\" rel=\"noopener\">communityaccess@ncf.ca<\/a><\/p>\n<p>&nbsp;<\/p>\n          <\/div>\n                          \t<a class=\"button \" href=\"https:\/\/www.ncf.ca\/fr\/high-speed-internet\/home-internet\/\" target=\"_blank\">Visitez le site du Libertel de la Capitale Nationale <\/a>\n              <\/div>\n    <\/div>\n  <\/div>\n<\/section>\n\n\n\n<section class=\"section section--text-banner alignfull \" >\n  <div class=\"grid-container\">\n    <div class=\"grid-x grid-padding-x align-middle\">\n      <div class=\"cell text-center\">\n        <div class=\"text-banner-inner\">\n                                <h3>Conditions d&rsquo;\u00e9ligibilit\u00e9 et modalit\u00e9s d&rsquo;inscription<\/h3>\n                                <p>Pour vous inscrire \u00e0 l&rsquo;Internet \u00e0 bas prix, vous devez contacter Rogers ou le Libertel de la Capitale Nationale directement, indiquer que vous \u00eates un locataire de LCO et fournir votre adresse afin de v\u00e9rifier votre \u00e9ligibilit\u00e9.<\/p>\n                            <\/div>\n      <\/div>\n    <\/div>\n  <\/div>\n<\/section>\n\n\n\n<section class=\"section section--icon-callouts bg-property-grey-light alignfull\" >\n  <div class=\"grid-container\">\n    <div class=\"grid-x grid-padding-x align-center\">\n          <\/div>\n            <div class=\"grid-x grid-padding-x align-center icon-callouts-grid\">\n                      <div class=\"cell medium-4 text-center\">\n                <div class=\"icon-callout--inner\">\n                                      <img decoding=\"async\" src=\"https:\/\/www.och-lco.ca\/wp-content\/uploads\/2023\/08\/noun-house-check-1604415-1-blue.svg\" alt=\"Icon\">\n                                                                          <p>La <i>loi sur les services de logement<\/i> a \u00e9t\u00e9 mise \u00e0 jour \u2013 lisez la suite pour savoir comment cela affecte les locataires.<\/p>\n                    \n                                    \t<a class=\"button\" href=\"https:\/\/www.och-lco.ca\/fr\/recherche-logement\/modification-loyer-liste-dattente\/\" target=\"_self\">Voir les changements<\/a>\n                                  <\/div>\n              <\/div>\n                            <div class=\"cell medium-4 text-center\">\n                <div class=\"icon-callout--inner\">\n                                      <img decoding=\"async\" src=\"https:\/\/www.och-lco.ca\/wp-content\/uploads\/2023\/08\/noun-paw-1686619-1-blue.svg\" alt=\"Icon\">\n                                                                          <p>Vous avez des questions concernant les animaux domestiques, le stationnement ou d&rsquo;autres informations relatives \u00e0 votre logement ?<\/p>\n                    \n                                    \t<a class=\"button\" href=\"https:\/\/www.och-lco.ca\/fr\/je-suis-locataire\/votre-bail\/\" target=\"_self\">Votre bail<\/a>\n                                  <\/div>\n              <\/div>\n                            <div class=\"cell medium-4 text-center\">\n                <div class=\"icon-callout--inner\">\n                                      <img decoding=\"async\" src=\"https:\/\/www.och-lco.ca\/wp-content\/uploads\/2023\/08\/noun-real-estate-1604410-1-blue.svg\" alt=\"Real Estate Icon\">\n                                                                          <p>\u00cates-vous un.e locataire de LCO qui souhaite s&rsquo;impliquer? <\/p>\n                    \n                                    \t<a class=\"button\" href=\"https:\/\/www.och-lco.ca\/fr\/je-suis-locataire\/simpliquer\/\" target=\"_self\">S\u2019impliquer<\/a>\n                                  <\/div>\n              <\/div>\n                        <\/div>\n            <\/div>\n<\/section>\n","protected":false},"excerpt":{"rendered":"","protected":false},"author":12,"featured_media":6026,"parent":13178,"menu_order":3,"comment_status":"closed","ping_status":"closed","template":"","meta":{"_acf_changed":true,"footnotes":""},"class_list":["post-12716","page","type-page","status-publish","has-post-thumbnail","hentry"],"acf":[],"_links":{"self":[{"href":"https:\/\/www.och-lco.ca\/fr\/wp-json\/wp\/v2\/pages\/12716","targetHints":{"allow":["GET"]}}],"collection":[{"href":"https:\/\/www.och-lco.ca\/fr\/wp-json\/wp\/v2\/pages"}],"about":[{"href":"https:\/\/www.och-lco.ca\/fr\/wp-json\/wp\/v2\/types\/page"}],"author":[{"embeddable":true,"href":"https:\/\/www.och-lco.ca\/fr\/wp-json\/wp\/v2\/users\/12"}],"replies":[{"embeddable":true,"href":"https:\/\/www.och-lco.ca\/fr\/wp-json\/wp\/v2\/comments?post=12716"}],"version-history":[{"count":0,"href":"https:\/\/www.och-lco.ca\/fr\/wp-json\/wp\/v2\/pages\/12716\/revisions"}],"up":[{"embeddable":true,"href":"https:\/\/www.och-lco.ca\/fr\/wp-json\/wp\/v2\/pages\/13178"}],"wp:featuredmedia":[{"embeddable":true,"href":"https:\/\/www.och-lco.ca\/fr\/wp-json\/wp\/v2\/media\/6026"}],"wp:attachment":[{"href":"https:\/\/www.och-lco.ca\/fr\/wp-json\/wp\/v2\/media?parent=12716"}],"curies":[{"name":"wp","href":"https:\/\/api.w.org\/{rel}","templated":true}]}}