{"id":12928,"date":"2022-11-11T15:15:15","date_gmt":"2022-11-11T20:15:15","guid":{"rendered":"https:\/\/www.och-lco.ca\/corporate-information\/strategie-de-developpement-sur-10-ans\/new-constructions\/"},"modified":"2025-04-22T16:15:20","modified_gmt":"2025-04-22T20:15:20","slug":"nouvelles-constructions","status":"publish","type":"page","link":"https:\/\/www.och-lco.ca\/fr\/renseignements-administratifs\/strategie-de-developpement\/nouvelles-constructions\/","title":{"rendered":"Nouvelles communaut\u00e9s"},"content":{"rendered":"\n<section class=\"section section--impact-area alignfull\" >\n  <div class=\"grid-container full fade-up-and-in\">\n    <div class=\"grid-x\">\n      <div class=\"cell medium-6\">\n                  <div class=\"impact-cell-inner text\">\n                          <h1>Nouvelles communaut\u00e9s<\/h1>\n                                      <h3>D\u00e9couvrez nos nouvelles communaut\u00e9s et b\u00e2timents.<\/h3>\n                                  <\/div>\n              <\/div>\n      <div class=\"cell medium-6\">\n                            <div class=\"impact-cell-inner image\">\n            <div class=\"impact-image\" style=\"background-image: url(https:\/\/www.och-lco.ca\/wp-content\/uploads\/2023\/04\/308095723_521920109937656_1048530473118057250_n-1920x1372.jpg); background-position: center center; background-size: cover; background-repeat: no-repeat;\"><\/div>\n          <\/div>\n                        <\/div>\n    <\/div>\n  <\/div>\n<\/section>\n\n\n\n<section class=\"section section--new-construction alignfull\" >\n  <div class=\"grid-container\">\n    <div class=\"grid-x grid-padding-x align-middle\">\n      <div class=\"cell medium-10\">\n                          <p>Vous cherchez des informations sur les nouvelles constructions achev\u00e9es ? Nous avons ce qu&rsquo;il vous faut ! <br \/>\r\n<br \/>\r\nNos listes comprennent des logements abordables et communautaires. Nos communaut\u00e9s offrent des loyers abordables et des logements subventionn\u00e9s pour celles et ceux qui remplissent les conditions requises.<\/p>\n              <\/div>\n    <\/div>\n  <\/div>\n  <div class=\"grid-container new-construction-grid-container\">\n            <select class=\"category-redirect-filter\">\n      <!--<option value=\"https:\/\/www.och-lco.ca\/fr\/renseignements-administratifs\/strategie-de-developpement\/nouvelles-constructions\/\">Toutes les cat\u00e9gories<\/option>-->\n              <!--<option value=\"https:\/\/www.och-lco.ca\/fr\/renseignements-administratifs\/strategie-de-developpement\/nouvelles-constructions\/construction-category\/\" ><\/option>-->\n                    <option value=\"https:\/\/www.och-lco.ca\/fr\/renseignements-administratifs\/strategie-de-developpement\/en-construction\/\" >En construction<\/option>\n              <option value=\"https:\/\/www.och-lco.ca\/fr\/renseignements-administratifs\/strategie-de-developpement\/nouvelles-constructions\/\" selected>Nouvelles communaut\u00e9s<\/option>\n              <option value=\"https:\/\/www.och-lco.ca\/fr\/renseignements-administratifs\/strategie-de-developpement\/revitalisation-communautaires\/\" >Revitalisations communautaires<\/option>\n              <option value=\"https:\/\/www.och-lco.ca\/fr\/renseignements-administratifs\/strategie-de-developpement\/conception\/\" >Conception<\/option>\n          <\/select>\n    \t\t<div class=\"grid-x grid-padding-x new-construction-grid paginated-list\">\n\t\t          <div class=\"cell medium-6 large-4\">\n          <a href=\"https:\/\/www.och-lco.ca\/fr\/construction\/chesterton-bowhill\/\">\n                            <div class=\"featured-img-thumbnail\" style=\"background-image: url(https:\/\/www.och-lco.ca\/wp-content\/uploads\/2024\/02\/Chesterton-2.png); background-size: cover; background-position: center center; background-repeat: no-repeat;\">\n                                    <div class=\"featured-img-taxonomy\">\n                    Nouvelles communaut\u00e9s                  <\/div>\n                                  <\/div>\n                        <h4>CHESTERTON-BOWHILL<\/h4>\n                          <h5 class=\"construction-address\">30-72 Avenue Chesterton et 49-75 Avenue Bowhill<\/h5>\n                                  <\/a>\n        <\/div>\n                <div class=\"cell medium-6 large-4\">\n          <a href=\"https:\/\/www.och-lco.ca\/fr\/construction\/domaine-tanglewood\/\">\n                            <div class=\"featured-img-thumbnail\" style=\"background-image: url(https:\/\/www.och-lco.ca\/wp-content\/uploads\/2024\/02\/Tanglewoodsuite-1024x272.png); background-size: cover; background-position: center center; background-repeat: no-repeat;\">\n                                    <div class=\"featured-img-taxonomy\">\n                    Nouvelles communaut\u00e9s                  <\/div>\n                                  <\/div>\n                        <h4>DOMAINE TANGLEWOOD<\/h4>\n                          <h5 class=\"construction-address\">1-27 Promenade Woodfield  et  12-26 Promenade Woodfield<\/h5>\n                                  <\/a>\n        <\/div>\n                <div class=\"cell medium-6 large-4\">\n          <a href=\"https:\/\/www.och-lco.ca\/fr\/construction\/zibi\/\">\n                            <div class=\"featured-img-thumbnail\" style=\"background-image: url(https:\/\/www.och-lco.ca\/wp-content\/uploads\/2023\/11\/View.png); background-size: cover; background-position: center center; background-repeat: no-repeat;\">\n                                    <div class=\"featured-img-taxonomy\">\n                    Nouvelles communaut\u00e9s                  <\/div>\n                                  <\/div>\n                        <h4>VODA<\/h4>\n                          <h5 class=\"construction-address\">300 Priv\u00e9 M\u00ecw\u00e0te<\/h5>\n                                  <\/a>\n        <\/div>\n                <div class=\"cell medium-6 large-4\">\n          <a href=\"https:\/\/www.och-lco.ca\/fr\/construction\/mikinak\/\">\n                        <h4>MIKIN\u00c0K<\/h4>\n                          <h5 class=\"construction-address\">715 chemin Mikinak, Ottawa<\/h5>\n                                  <\/a>\n        <\/div>\n                <div class=\"cell medium-6 large-4\">\n          <a href=\"https:\/\/www.och-lco.ca\/fr\/construction\/michele-heights\/\">\n                        <h4>AGRANDISSEMENT MICHELE HEIGHTS<\/h4>\n                          <h5 class=\"construction-address\">2950 Promenade Penny, Ottawa<\/h5>\n                                  <\/a>\n        <\/div>\n                <div class=\"cell medium-6 large-4\">\n          <a href=\"https:\/\/www.och-lco.ca\/fr\/construction\/ashgrove-expansion\/\">\n                            <div class=\"featured-img-thumbnail\" style=\"background-image: url(https:\/\/www.och-lco.ca\/wp-content\/uploads\/2023\/04\/Ashgrove-expansion-2-1024x768.jpg); background-size: cover; background-position: center center; background-repeat: no-repeat;\">\n                                    <div class=\"featured-img-taxonomy\">\n                    Nouvelles communaut\u00e9s                  <\/div>\n                                  <\/div>\n                        <h4>AGRANDISSEMENT ASHGROVE<\/h4>\n                          <h5 class=\"construction-address\">3225 Promenade Uplands, Ottawa<\/h5>\n                                  <\/a>\n        <\/div>\n                            <div class=\"cell load-more-cell load-more\">\n          <a href=\"https:\/\/www.och-lco.ca\/fr\/wp-json\/wp\/v2\/pages\/12928\/page\/2\/\" class=\"button js-load-more\" data-load=\"Chargement...\">Voir la suite<\/a>\n        <\/div>\n                <\/div>\n\t<\/div>\n<\/section>\n\n\n\n<section class=\"section section--icon-callouts bg-property-grey-light alignfull\" >\n  <div class=\"grid-container\">\n    <div class=\"grid-x grid-padding-x align-center\">\n          <\/div>\n            <div class=\"grid-x grid-padding-x align-center icon-callouts-grid\">\n                      <div class=\"cell medium-4 text-center\">\n                <div class=\"icon-callout--inner\">\n                                      <img decoding=\"async\" src=\"https:\/\/www.och-lco.ca\/wp-content\/uploads\/2023\/08\/noun-startup-1603342-1-blue.svg\" alt=\"Icon\">\n                                                                          <p>Dans un contexte \u00e9conomique difficile, LCO a r\u00e9ussi \u00e0 concilier son d\u00e9sir de rendre le monde meilleur et la n\u00e9cessit\u00e9 de mener des activit\u00e9s plus durables sur le plan financier.<\/p>\n                    \n                                    \t<a class=\"button\" href=\"https:\/\/www.och-lco.ca\/fr\/renseignements-administratifs\/environnement-developpement-durable\/\" target=\"_self\">Lisez notre plan Eco2<\/a>\n                                  <\/div>\n              <\/div>\n                            <div class=\"cell medium-4 text-center\">\n                <div class=\"icon-callout--inner\">\n                                      <img decoding=\"async\" src=\"https:\/\/www.och-lco.ca\/wp-content\/uploads\/2023\/08\/noun-handshake-1603584-1-blue.svg\" alt=\"Icon\">\n                                                                          <p>\u00c0 LCO, nos employ\u00e9s viennent de tous les horizons, repr\u00e9sentent tous les genres, tous les groupes d&rsquo;\u00e2ge, toutes les orientations sexuelles, parlent une multitude de langues et partagent des exp\u00e9riences et des perspectives diff\u00e9rentes. Nous ne voudrions pas qu&rsquo;il en soit autrement.<\/p>\n                    \n                                    \t<a class=\"button\" href=\"https:\/\/www.och-lco.ca\/fr\/renseignements-administratifs\/diversite-equite-inclusion\/\" target=\"_self\">Lisez le plan ECO\u00b2 <\/a>\n                                  <\/div>\n              <\/div>\n                            <div class=\"cell medium-4 text-center\">\n                <div class=\"icon-callout--inner\">\n                                      <img decoding=\"async\" src=\"https:\/\/www.och-lco.ca\/wp-content\/uploads\/2023\/08\/noun-open-house-1604445-1-blue.svg\" alt=\"Icon\">\n                                                                          <p>LCO dispose d&rsquo;une Strat\u00e9gie de d\u00e9veloppement sur dix ans qui d\u00e9crit les plans de construction d&rsquo;un plus grand nombre de logements abordables. Le Plan d\u00e9cennal pour le logement et l&rsquo;itin\u00e9rance de la Ville d&rsquo;Ottawa vise \u00e0 ce que LCO ajoute en moyenne 300 logements abordables par an.<\/p>\n                    \n                                    \t<a class=\"button\" href=\"https:\/\/www.och-lco.ca\/fr\/renseignements-administratifs\/strategie-de-developpement\/\" target=\"_self\">Apprenez-en plus<\/a>\n                                  <\/div>\n              <\/div>\n                        <\/div>\n            <\/div>\n<\/section>\n","protected":false},"excerpt":{"rendered":"","protected":false},"author":5,"featured_media":6720,"parent":12162,"menu_order":3,"comment_status":"closed","ping_status":"closed","template":"","meta":{"_acf_changed":true,"footnotes":""},"class_list":["post-12928","page","type-page","status-publish","has-post-thumbnail","hentry"],"acf":[],"_links":{"self":[{"href":"https:\/\/www.och-lco.ca\/fr\/wp-json\/wp\/v2\/pages\/12928","targetHints":{"allow":["GET"]}}],"collection":[{"href":"https:\/\/www.och-lco.ca\/fr\/wp-json\/wp\/v2\/pages"}],"about":[{"href":"https:\/\/www.och-lco.ca\/fr\/wp-json\/wp\/v2\/types\/page"}],"author":[{"embeddable":true,"href":"https:\/\/www.och-lco.ca\/fr\/wp-json\/wp\/v2\/users\/5"}],"replies":[{"embeddable":true,"href":"https:\/\/www.och-lco.ca\/fr\/wp-json\/wp\/v2\/comments?post=12928"}],"version-history":[{"count":0,"href":"https:\/\/www.och-lco.ca\/fr\/wp-json\/wp\/v2\/pages\/12928\/revisions"}],"up":[{"embeddable":true,"href":"https:\/\/www.och-lco.ca\/fr\/wp-json\/wp\/v2\/pages\/12162"}],"wp:featuredmedia":[{"embeddable":true,"href":"https:\/\/www.och-lco.ca\/fr\/wp-json\/wp\/v2\/media\/6720"}],"wp:attachment":[{"href":"https:\/\/www.och-lco.ca\/fr\/wp-json\/wp\/v2\/media?parent=12928"}],"curies":[{"name":"wp","href":"https:\/\/api.w.org\/{rel}","templated":true}]}}