{"id":13198,"date":"2023-02-01T10:58:19","date_gmt":"2023-02-01T15:58:19","guid":{"rendered":"https:\/\/www.och-lco.ca\/?page_id=13198"},"modified":"2026-03-10T14:21:24","modified_gmt":"2026-03-10T18:21:24","slug":"transferts-internes","status":"publish","type":"page","link":"https:\/\/www.och-lco.ca\/fr\/recherche-logement\/transferts-internes\/","title":{"rendered":"Transferts internes"},"content":{"rendered":"\n<section class=\"section section--impact-area alignfull\" >\n  <div class=\"grid-container full fade-up-and-in\">\n    <div class=\"grid-x\">\n      <div class=\"cell medium-6\">\n                  <div class=\"impact-cell-inner text\">\n                          <h1>Transferts internes pour les locataires de LCO seulement<\/h1>\n                                      <h3>Transferts et accommodement des personnes handicap\u00e9es<\/h3>\n                                  <\/div>\n              <\/div>\n      <div class=\"cell medium-6\">\n                            <div class=\"impact-cell-inner image\">\n            <div class=\"impact-image\" style=\"background-image: url(https:\/\/www.och-lco.ca\/wp-content\/uploads\/2023\/09\/MicrosoftTeams-image-1920x1280.jpg); background-position: center center; background-size: cover; background-repeat: no-repeat;\"><\/div>\n          <\/div>\n                        <\/div>\n    <\/div>\n  <\/div>\n<\/section>\n\n\n\n<section class=\"section section--text-block alignfull bg-white\" >\n  <div class=\"grid-container\">\n    <div class=\"grid-x grid-padding-x align-middle \">\n      <div class=\"cell text-left\">\n                              <h2>Vous \u00eates locataire de LCO, et votre situation a chang\u00e9 ?<\/h2>\n                                            <div >\n            <p><span data-ccp-props=\"{&quot;134245417&quot;:false,&quot;201341983&quot;:0,&quot;335559685&quot;:110,&quot;335559737&quot;:80,&quot;335559738&quot;:1,&quot;335559739&quot;:160,&quot;335559740&quot;:292}\">Si vous \u00eates un locataire de LCO et que votre situation a chang\u00e9 et votre logement ne r\u00e9pond plus \u00e0 vos besoins, bas\u00e9s sur les crit\u00e8res suivants, vous pourriez \u00eatre admissible \u00e0 un transfert interne dans un autre logement de LCO<\/span>.<\/p>\n          <\/div>\n                      <\/div>\n    <\/div>\n  <\/div>\n<\/section>\n\n\n\n<section class=\"section section--case-studies alignfull\" >\n  <div class=\"grid-container\">\n    <div class=\"grid-x grid-padding-x\">\n      <div class=\"cell case-studies-title\">\n                              <h5>Cat\u00e9gories de transfert internes<\/h5>\n                                                <h2>Les locataires de LCO peuvent demander \u00e0 \u00eatre ajout\u00e9s \u00e0 la liste de transfert interne pour les raisons suivantes :<\/h2>\n                        <\/div>\n      <div class=\"cell medium-4\">\n                    <ul class=\"case-studies-nav\">\n                            <li><a href=\"#transfert-vers-un-domicile-accessible-aux-fauteuils-roulants\" class=\"is-active\">Transfert vers un domicile accessible aux fauteuils roulants <\/a><\/li>\n                              <li><a href=\"#transfert-dun-domicile-accessible-vers-une-unite-reguliere\" >Transfert d&rsquo;un domicile accessible vers une unit\u00e9 r\u00e9guli\u00e8re<\/a><\/li>\n                              <li><a href=\"#menages-sous-loges-a-qui-il-manque-deux-chambres-ou-plus\" >M\u00e9nages sous-log\u00e9s \u00e0 qui il manque deux chambres ou plus<\/a><\/li>\n                              <li><a href=\"#transfert-dans-un-immeuble-pour-ainees\" >Transfert dans un immeuble pour a\u00een\u00e9(e)s<\/a><\/li>\n                              <li><a href=\"#transfert-dun-locataire-age-de-moins-de-60-ans-vivant-dans-un-immeuble-pour-ainees\" >Transfert d\u2019un locataire \u00e2g\u00e9 de moins de 60 ans vivant dans un immeuble pour a\u00een\u00e9(e)s<\/a><\/li>\n                              <li><a href=\"#autres-exigences\" >Autres exigences<\/a><\/li>\n                          <\/ul>\n                  <\/div>\n      <div class=\"cell medium-8\">\n                    <div class=\"case-studies-wrapper\">\n                            <div class=\"case-study-single is-active\" data-case-study=\"transfert-vers-un-domicile-accessible-aux-fauteuils-roulants\" id=\"transfert-vers-un-domicile-accessible-aux-fauteuils-roulants\">\n                  <h3>Transfert vers un domicile accessible aux fauteuils roulants <\/h3>\n                                    <h4><span class=\"TextRun SCXW208225805 BCX4\" lang=\"EN-US\" xml:lang=\"EN-US\" data-contrast=\"none\"><span class=\"NormalTextRun SCXW208225805 BCX4\">(Domicile accessible n\u00e9cessaire)<\/span><\/span><\/h4>\n<p>Votre situation a chang\u00e9 et vous devez vivre dans un logement accessible aux personnes en fauteuil roulant.<\/p>\n                                  <\/div>\n                              <div class=\"case-study-single \" data-case-study=\"transfert-dun-domicile-accessible-vers-une-unite-reguliere\" id=\"transfert-dun-domicile-accessible-vers-une-unite-reguliere\">\n                  <h3>Transfert d&rsquo;un domicile accessible vers une unit\u00e9 r\u00e9guli\u00e8re<\/h3>\n                                    <h4 class=\"elementor-heading-title elementor-size-default\">(L\u2019unit\u00e9 accessible n\u2019est plus n\u00e9cessaire)<\/h4>\n<p>Votre situation a chang\u00e9 et votre m\u00e9nage n&rsquo;a plus besoin de vivre dans un logement accessible aux fauteuils roulants.<\/p>\n                                  <\/div>\n                              <div class=\"case-study-single \" data-case-study=\"menages-sous-loges-a-qui-il-manque-deux-chambres-ou-plus\" id=\"menages-sous-loges-a-qui-il-manque-deux-chambres-ou-plus\">\n                  <h3>M\u00e9nages sous-log\u00e9s \u00e0 qui il manque deux chambres ou plus<\/h3>\n                                    <p><span data-ccp-props=\"{&quot;134245417&quot;:false,&quot;201341983&quot;:0,&quot;335559685&quot;:710,&quot;335559738&quot;:69,&quot;335559739&quot;:160,&quot;335559740&quot;:259}\">Le m\u00e9nage a besoin de plus de chambres par rapport au nombre d\u2019occupants compte tenu des normes d\u2019occupation de LCO.\u00a0 <\/span><\/p>\n                                  <\/div>\n                              <div class=\"case-study-single \" data-case-study=\"transfert-dans-un-immeuble-pour-ainees\" id=\"transfert-dans-un-immeuble-pour-ainees\">\n                  <h3>Transfert dans un immeuble pour a\u00een\u00e9(e)s<\/h3>\n                                    <p><span data-ccp-props=\"{&quot;134245417&quot;:false,&quot;201341983&quot;:0,&quot;335559685&quot;:710,&quot;335559738&quot;:69,&quot;335559739&quot;:160,&quot;335559740&quot;:259}\">Un(e) locataire de LCO \u00e2g\u00e9(e) de 60 ans ou plus souhaite vivre dans un immeuble r\u00e9serv\u00e9 aux a\u00een\u00e9)(e)s.\u00a0\u00a0 <\/span><\/p>\n                                  <\/div>\n                              <div class=\"case-study-single \" data-case-study=\"transfert-dun-locataire-age-de-moins-de-60-ans-vivant-dans-un-immeuble-pour-ainees\" id=\"transfert-dun-locataire-age-de-moins-de-60-ans-vivant-dans-un-immeuble-pour-ainees\">\n                  <h3>Transfert d\u2019un locataire \u00e2g\u00e9 de moins de 60 ans vivant dans un immeuble pour a\u00een\u00e9(e)s<\/h3>\n                                    <p><span data-ccp-props=\"{&quot;134245417&quot;:false,&quot;201341983&quot;:0,&quot;335559685&quot;:709,&quot;335559739&quot;:160,&quot;335559740&quot;:259,&quot;335559991&quot;:709}\">Le membre du m\u00e9nage qui reste est \u00e2g\u00e9 de moins de 60 ans.<\/span><\/p>\n                                  <\/div>\n                              <div class=\"case-study-single \" data-case-study=\"autres-exigences\" id=\"autres-exigences\">\n                  <h3>Autres exigences<\/h3>\n                                    <ul>\n<li><span data-ccp-props=\"{&quot;134245417&quot;:false,&quot;201341983&quot;:0,&quot;335559685&quot;:710,&quot;335559738&quot;:54,&quot;335559739&quot;:160,&quot;335559740&quot;:259}\">Votre m\u00e9nage peut ne pas \u00eatre \u00e9ligible si vous devez de l\u2019argent \u00e0 LCO ou \u00e0 un autre fournisseur de logement social. <\/span><\/li>\n<li>Votre m\u00e9nage peut ne pas \u00eatre \u00e9ligible si LCO a entam\u00e9 une proc\u00e9dure d\u2019expulsion.<\/li>\n<\/ul>\n                                  <\/div>\n                          <\/div>\n                  <\/div>\n    <\/div>\n  <\/div>\n<\/section>\n\n\n\n<section class=\"section section--text-block alignfull bg-white\" >\n  <div class=\"grid-container\">\n    <div class=\"grid-x grid-padding-x align-middle \">\n      <div class=\"cell text-left\">\n                              <h2>Proc\u00e9dures connexes de la LCO<\/h2>\n                                            <div >\n            <h4 class=\"elementor-heading-title elementor-size-default\"><b>Accommoder les locataires handicap\u00e9s<\/b><\/h4>\n<p>Les m\u00e9nages dont un ou plusieurs membres souffrent d\u2019un handicap, visible ou invisible, et qui ont besoin d\u2019un am\u00e9nagement de leur logement peuvent en faire la demande \u00e0 LCO. Un professionnel de la sant\u00e9 agr\u00e9\u00e9 doit pr\u00e9ciser les besoins sp\u00e9cifiques du m\u00e9nage. LCO examinera chaque demande. Lorsqu\u2019un am\u00e9nagement est n\u00e9cessaire, LCO travaillera en collaboration avec le locataire, son fournisseur de soins de sant\u00e9, les agences de soutien, etc. pour trouver un moyen de r\u00e9pondre aux besoins du locataire.<\/p>\n<p class=\"elementor-heading-title elementor-size-default\"><strong>Si vous \u00eates un locataire de LCO, et que vous souhaitez demander une accommodation, <\/strong>veuillez nous contacter au 613-731-1182 et demander \u00e0 parler \u00e0 votre Travailleur(euse) de soutien aux locations, ou visitez un de nos <a href=\"https:\/\/www.och-lco.ca\/fr\/communiquez-avec-nous\/#Centres-de-services-aux-locataires\" target=\"_blank\" rel=\"noopener\">Centres de services aux locataires<\/a>.<\/p>\n          <\/div>\n                      <\/div>\n    <\/div>\n  <\/div>\n<\/section>\n","protected":false},"excerpt":{"rendered":"","protected":false},"author":11,"featured_media":6563,"parent":11744,"menu_order":0,"comment_status":"closed","ping_status":"closed","template":"","meta":{"_acf_changed":true,"footnotes":""},"class_list":["post-13198","page","type-page","status-publish","has-post-thumbnail","hentry"],"acf":[],"_links":{"self":[{"href":"https:\/\/www.och-lco.ca\/fr\/wp-json\/wp\/v2\/pages\/13198","targetHints":{"allow":["GET"]}}],"collection":[{"href":"https:\/\/www.och-lco.ca\/fr\/wp-json\/wp\/v2\/pages"}],"about":[{"href":"https:\/\/www.och-lco.ca\/fr\/wp-json\/wp\/v2\/types\/page"}],"author":[{"embeddable":true,"href":"https:\/\/www.och-lco.ca\/fr\/wp-json\/wp\/v2\/users\/11"}],"replies":[{"embeddable":true,"href":"https:\/\/www.och-lco.ca\/fr\/wp-json\/wp\/v2\/comments?post=13198"}],"version-history":[{"count":0,"href":"https:\/\/www.och-lco.ca\/fr\/wp-json\/wp\/v2\/pages\/13198\/revisions"}],"up":[{"embeddable":true,"href":"https:\/\/www.och-lco.ca\/fr\/wp-json\/wp\/v2\/pages\/11744"}],"wp:featuredmedia":[{"embeddable":true,"href":"https:\/\/www.och-lco.ca\/fr\/wp-json\/wp\/v2\/media\/6563"}],"wp:attachment":[{"href":"https:\/\/www.och-lco.ca\/fr\/wp-json\/wp\/v2\/media?parent=13198"}],"curies":[{"name":"wp","href":"https:\/\/api.w.org\/{rel}","templated":true}]}}