{"id":17569,"date":"2024-11-07T22:45:17","date_gmt":"2024-11-08T03:45:17","guid":{"rendered":"https:\/\/www.och-lco.ca\/?page_id=17569"},"modified":"2025-07-11T14:14:21","modified_gmt":"2025-07-11T18:14:21","slug":"complex-care","status":"publish","type":"page","link":"https:\/\/www.och-lco.ca\/fr\/renseignements-administratifs\/complex-care\/","title":{"rendered":"Strat\u00e9gie de logement pour besoins complexes"},"content":{"rendered":"\n<section class=\"section section--impact-area alignfull\" >\n  <div class=\"grid-container full fade-up-and-in\">\n    <div class=\"grid-x\">\n      <div class=\"cell medium-6\">\n                            <div class=\"impact-cell-inner image\">\n            <div class=\"impact-image\" style=\"background-image: url(https:\/\/www.och-lco.ca\/wp-content\/uploads\/2022\/11\/8396c50c4ec4217bac2829b63d01ca27.jpg); background-position: center center; background-size: cover; background-repeat: no-repeat;\"><\/div>\n          <\/div>\n                        <\/div>\n      <div class=\"cell medium-6\">\n                  <div class=\"impact-cell-inner text\">\n                          <h1>Strat\u00e9gie de logement pour besoins complexes<\/h1>\n                                      <p>Une approche collaborative pour soutenir les locataires ayant des besoins complexes<\/p>\n                                  <\/div>\n              <\/div>\n    <\/div>\n  <\/div>\n<\/section>\n\n\n\n<section class=\"section section--text-block alignfull bg-white\" >\n  <div class=\"grid-container\">\n    <div class=\"grid-x grid-padding-x align-middle align-center\">\n      <div class=\"cell text-center\">\n                                  <div class=\"large\">\n            <p><span data-teams=\"true\">La Strat\u00e9gie de logement pour besoins complexes<\/span>\u00a0est un mod\u00e8le multisectoriel et collaboratif visant \u00e0 aider un plus grand nombre de locataires ayant des besoins complexes \u00e0 rester correctement log\u00e9s et \u00e0 soutenir des communaut\u00e9s plus saines et plus s\u00e9curitaires.<\/p>\n          <\/div>\n                      <\/div>\n    <\/div>\n  <\/div>\n<\/section>\n\n\n\n<section class=\"section section--text-with-image alignfull\" >\n  <div class=\"grid-container\">\n    <div class=\"grid-x grid-padding-x align-middle\">\n      <div class=\"cell medium-6 small-order-2\" style=\"width:50%;\">\n        <img decoding=\"async\" src=\"https:\/\/www.och-lco.ca\/wp-content\/uploads\/2023\/12\/Complex-Care-Housing-2023-FR-e1731037593655.png\" alt=\"L\u2019\u00e9quipe de Soutien \u00e0 la communaut\u00e9 et aux locataires s\u2019efforce de trouver des solutions aux probl\u00e8mes croissants pr\u00e9sents dans certaines de nos communaut\u00e9s. Une partie de ces probl\u00e8mes d\u00e9coule du fait que les r\u00e9sidents vuln\u00e9rables n\u2019ont pas acc\u00e8s \u00e0 du soutien ou \u00e0 des services de soins de sant\u00e9 primaires.\">\n      <\/div>\n      <div class=\"cell medium-6 small-order-1\" style=\"width:50%;\">\n                  <h2 class=\"green\"><\/h2>\n                          <h3>Pr\u00e9server l&rsquo;autonomie<\/h3>\n                          <p>Ces derni\u00e8res ann\u00e9es, nous avons constat\u00e9 une augmentation du nombre de locataires confront\u00e9s \u00e0 des difficult\u00e9s complexes pour pr\u00e9server leur autonomie. Des facteurs tels que les probl\u00e8mes persistants de sant\u00e9 mentale, la toxicomanie et les cons\u00e9quences du vieillissement ont contribu\u00e9 \u00e0 accro\u00eetre les probl\u00e8mes de s\u00e9curit\u00e9 pour les personnes et les communaut\u00e9s, \u00e0 augmenter le recours aux services d&rsquo;urgence et, pour certains, le risque de retomber dans le sans-abrisme.<\/p>\n                      <\/div>\n    <\/div>\n  <\/div>\n<\/section>\n\n\n\n<section class=\"section section--text-banner alignfull \" >\n  <div class=\"grid-container\">\n    <div class=\"grid-x grid-padding-x align-middle\">\n      <div class=\"cell text-center\">\n        <div class=\"text-banner-inner\">\n                                          <h2><strong>Le logement en un d\u00e9terminant de la sant\u00e9<\/strong><\/h2>\n<p>Reconnaissant que le logement est un d\u00e9terminant de la sant\u00e9, LCO a lanc\u00e9 la <span data-teams=\"true\">Strat\u00e9gie de logement pour besoins complexes<\/span>\u00a0en 2023. Cette approche proactive favorise la collaboration avec les secteurs du logement, de la sant\u00e9 et des services communautaires et sociaux \u00e0 Ottawa, dans le but de soutenir les locataires confront\u00e9s \u00e0 des d\u00e9fis vari\u00e9s, complexes et importants.<\/p>\n                            <\/div>\n      <\/div>\n    <\/div>\n  <\/div>\n<\/section>\n\n\n\n<section class=\"section section--icon-callouts bg-transparent alignfull\" >\n  <div class=\"grid-container\">\n    <div class=\"grid-x grid-padding-x align-center\">\n              <div class=\"cell medium-10 text-center icon-callout--text\">\n                      <h2>\u00c0 qui s&rsquo;adresse la Strat\u00e9gie de logement pour besoins complexes ?<\/h2>\n                                <p>En collaboration avec les secteurs du logement, de la sant\u00e9 et des services communautaires et sociaux, la Strat\u00e9gie de logement pour besoins complexes accompagne les locataires qui pr\u00e9sentent un risque accru de : <\/p>\n                  <\/div>\n          <\/div>\n            <div class=\"grid-x grid-padding-x align-center icon-callouts-grid\">\n                      <div class=\"cell medium-4 text-center\">\n                <div class=\"icon-callout--inner\">\n                                      <img decoding=\"async\" src=\"https:\/\/www.och-lco.ca\/wp-content\/uploads\/2023\/08\/noun-alarm-3554293-1-blue.svg\" alt=\"Icon\">\n                                                        <h4>Grand recours aux services d&rsquo;urgence<\/h4>\n                                      \n                                  <\/div>\n              <\/div>\n                            <div class=\"cell medium-4 text-center\">\n                <div class=\"icon-callout--inner\">\n                                      <img decoding=\"async\" src=\"https:\/\/www.och-lco.ca\/wp-content\/uploads\/2023\/08\/noun-chat-resized-blue.svg\" alt=\"Icon\">\n                                                        <h4>Faire face aux d\u00e9fis d&rsquo;une vie ind\u00e9pendante<\/h4>\n                                      \n                                  <\/div>\n              <\/div>\n                            <div class=\"cell medium-4 text-center\">\n                <div class=\"icon-callout--inner\">\n                                      <img decoding=\"async\" src=\"https:\/\/www.och-lco.ca\/wp-content\/uploads\/2023\/08\/noun-open-house-1604445-1-blue.svg\" alt=\"Icon\">\n                                                        <h4>Risque de perte de logement ou de sans-abrisme chronique<\/h4>\n                                      \n                                  <\/div>\n              <\/div>\n                        <\/div>\n            <\/div>\n<\/section>\n\n\n\n<section class=\"section section--icon-callouts bg-property-grey-light alignfull\" >\n  <div class=\"grid-container\">\n    <div class=\"grid-x grid-padding-x align-center\">\n              <div class=\"cell medium-10 text-center icon-callout--text\">\n                      <h2>Les quatre piliers de logement pour besoins complexes<\/h2>\n                                <p>Le groupe de travail a identifi\u00e9 quatre piliers fondamentaux pour guider la Strat\u00e9gie. Chaque pilier est essentiel \u00e0 l&rsquo;\u00e9laboration d&rsquo;une approche coh\u00e9rente et efficace de l&rsquo;aide aux locataires.<\/p>\n                  <\/div>\n          <\/div>\n            <div class=\"grid-x grid-padding-x align-center icon-callouts-grid\">\n                      <div class=\"cell medium-3 text-center\">\n                <div class=\"icon-callout--inner\">\n                                      <img decoding=\"async\" src=\"https:\/\/www.och-lco.ca\/wp-content\/uploads\/2023\/08\/noun-house-papers-blue.svg\" alt=\"Icon\">\n                                                        <h4>Changement dans le syst\u00e8me de logement<\/h4>\n                                                        <p>Am\u00e9liorer les syst\u00e8mes internes et externes pour soutenir des mod\u00e8les de logement pouvant \u00eatre reproduits et r\u00e9pondant mieux aux besoins complexes des locataires.<\/p>\n                    \n                                  <\/div>\n              <\/div>\n                            <div class=\"cell medium-3 text-center\">\n                <div class=\"icon-callout--inner\">\n                                      <img decoding=\"async\" src=\"https:\/\/www.och-lco.ca\/wp-content\/uploads\/2023\/08\/noun-real-estate-1604410-1-blue.svg\" alt=\"Real Estate Icon\">\n                                                        <h4>Investir dans le soutien local<\/h4>\n                                                        <p>Accro\u00eetre l&rsquo;aide directement au sein de nos communaut\u00e9s de logement afin de r\u00e9pondre efficacement aux besoins des locataires ayant des besoins complexes en mati\u00e8re de soins.<\/p>\n                    \n                                  <\/div>\n              <\/div>\n                            <div class=\"cell medium-3 text-center\">\n                <div class=\"icon-callout--inner\">\n                                      <img decoding=\"async\" src=\"https:\/\/www.och-lco.ca\/wp-content\/uploads\/2023\/08\/noun-house-check-1604415-1-blue.svg\" alt=\"Icon\">\n                                                        <h4>Collaboration intersectorielle<\/h4>\n                                                        <p>Renforcer la collaboration avec nos partenaires gr\u00e2ce \u00e0 des objectifs communs et \u00e0 des mesures de rendement transparentes.<\/p>\n                    \n                                  <\/div>\n              <\/div>\n                            <div class=\"cell medium-3 text-center\">\n                <div class=\"icon-callout--inner\">\n                                      <img decoding=\"async\" src=\"https:\/\/www.och-lco.ca\/wp-content\/uploads\/2023\/08\/noun-home-insurance-1604483-1-blue.svg\" alt=\"Icon\">\n                                                        <h4>Volets de logements supervis\u00e9s<\/h4>\n                                                        <p>D\u00e9velopper des mod\u00e8les sp\u00e9cifiques de logements innovants au sein des logements communautaires existants, pour aider les locataires ayant besoin de soins complexes.<\/p>\n                    \n                                  <\/div>\n              <\/div>\n                        <\/div>\n            <\/div>\n<\/section>\n\n\n\n<section class=\"section section--text-block alignfull bg-white\" >\n  <div class=\"grid-container\">\n    <div class=\"grid-x grid-padding-x align-middle \">\n      <div class=\"cell text-left\">\n                              <h2>Par le biais de la Strat\u00e9gie de logement pour besoins complexes, nous visons \u00e0 :<\/h2>\n                                            <div class=\"large\">\n            <ul>\n<li>Mieux identifier les locataires (par le biais d&rsquo;un processus d&rsquo;admission) qui ont besoin d&rsquo;un niveau de soutien plus important pour vivre de fa\u00e7on autonome dans un logement communautaire et disposer d&rsquo;un syst\u00e8me permettant d&rsquo;aligner les ressources n\u00e9cessaires pour s&rsquo;assurer que les personnes sont log\u00e9es de fa\u00e7on appropri\u00e9e.<\/li>\n<li>Am\u00e9liorer la collaboration avec les intervenants et les partenaires afin de mieux g\u00e9rer l&rsquo;afflux de locataires prioritaires locaux et provinciaux.<\/li>\n<li>R\u00e9duire les co\u00fbts op\u00e9rationnels des logements communautaires et la surutilisation des services d&rsquo;urgence et des h\u00f4pitaux.<\/li>\n<li>Inciter \u00e0 des changements dans le syst\u00e8me et partager les r\u00e9sultats de notre travail avec les fournisseurs de logements communautaires et supervis\u00e9s dans tout l&rsquo;Ontario.<\/li>\n<\/ul>\n          <\/div>\n                      <\/div>\n    <\/div>\n  <\/div>\n<\/section>\n\n\n\n<div style=\"height:50px\" aria-hidden=\"true\" class=\"wp-block-spacer\"><\/div>\n\n\n\n<section class=\"section section--text-block alignfull bg-green\" >\n  <div class=\"grid-container\">\n    <div class=\"grid-x grid-padding-x align-middle \">\n      <div class=\"cell text-left\">\n                              <h1>Regard vers l&rsquo;avenir<\/h1>\n                                            <div >\n            <p>&nbsp;<\/p>\n<p>La Soci\u00e9t\u00e9 de logement communautaire d&rsquo;Ottawa et le groupe de travail consultatif sur le logement pour les besoins complexes continueront de travailler \u00e0 la collaboration et au partage des responsabilit\u00e9s entre les fournisseurs de logements communautaires et supervis\u00e9s, les organismes de sant\u00e9 publique, les organismes de soins de sant\u00e9, les fournisseurs de services sociaux et l&rsquo;administration locale. En mettant en commun nos ressources et notre expertise, nous pouvons cr\u00e9er un r\u00e9seau de soutien complet qui comblera les lacunes entre le logement, les soins de sant\u00e9 et les services communautaires et sociaux; et cr\u00e9era des changements positifs durables pour les locataires vuln\u00e9rables d&rsquo;Ottawa.<\/p>\n          <\/div>\n                      <\/div>\n    <\/div>\n  <\/div>\n<\/section>\n\n\n\n<section class=\"section section--icon-callouts bg-property-grey-light alignfull\" >\n  <div class=\"grid-container\">\n    <div class=\"grid-x grid-padding-x align-center\">\n          <\/div>\n            <div class=\"grid-x grid-padding-x align-center icon-callouts-grid\">\n                      <div class=\"cell medium-4 text-center\">\n                <div class=\"icon-callout--inner\">\n                                      <img decoding=\"async\" src=\"https:\/\/www.och-lco.ca\/wp-content\/uploads\/2023\/08\/noun-handshake-1603584-1-blue.svg\" alt=\"Icon\">\n                                                                          <p>\u00c0 LCO, nos employ\u00e9s viennent de tous les horizons, repr\u00e9sentent tous les genres, tous les groupes d\u2019\u00e2ge, toutes les orientations sexuelles, parlent une multitude de langues et partagent des exp\u00e9riences et des perspectives diff\u00e9rentes. Nous ne voudrions pas qu\u2019il en soit autrement.<\/p>\n                    \n                                    \t<a class=\"button\" href=\"https:\/\/www.och-lco.ca\/fr\/renseignements-administratifs\/diversite-equite-inclusion\/\" target=\"_self\">Apprenez-en plus<\/a>\n                                  <\/div>\n              <\/div>\n                            <div class=\"cell medium-4 text-center\">\n                <div class=\"icon-callout--inner\">\n                                      <img decoding=\"async\" src=\"https:\/\/www.och-lco.ca\/wp-content\/uploads\/2023\/08\/noun-open-house-1604445-1-blue.svg\" alt=\"Icon\">\n                                                                          <p>LCO dispose d\u2019une Strat\u00e9gie de d\u00e9veloppement qui d\u00e9crit les plans de construction d\u2019un plus grand nombre de logements abordables. Le Plan d\u00e9cennal de logement et de lutte contre l\u2019itin\u00e9rance de la Ville d\u2019Ottawa vise \u00e0 ce que LCO ajoute en moyenne 300 logements abordables par an.<\/p>\n                    \n                                    \t<a class=\"button\" href=\"https:\/\/www.och-lco.ca\/fr\/renseignements-administratifs\/strategie-de-developpement\/\" target=\"_self\">Apprenez-en plus<\/a>\n                                  <\/div>\n              <\/div>\n                            <div class=\"cell medium-4 text-center\">\n                <div class=\"icon-callout--inner\">\n                                      <img decoding=\"async\" src=\"https:\/\/www.och-lco.ca\/wp-content\/uploads\/2023\/08\/noun-chat-resized-blue.svg\" alt=\"Icon\">\n                                                                          <p>D\u00e9couvrez les nombreuses fa\u00e7ons d\u2019entrer en contact avec le personnel de LCO.<\/p>\n                    \n                                    \t<a class=\"button\" href=\"https:\/\/www.och-lco.ca\/fr\/communiquez-avec-nous\/\" target=\"_self\">Communiquez avec nous<\/a>\n                                  <\/div>\n              <\/div>\n                        <\/div>\n            <\/div>\n<\/section>\n","protected":false},"excerpt":{"rendered":"","protected":false},"author":5,"featured_media":15881,"parent":11917,"menu_order":6,"comment_status":"closed","ping_status":"closed","template":"","meta":{"_acf_changed":true,"footnotes":""},"class_list":["post-17569","page","type-page","status-publish","has-post-thumbnail","hentry"],"acf":[],"_links":{"self":[{"href":"https:\/\/www.och-lco.ca\/fr\/wp-json\/wp\/v2\/pages\/17569","targetHints":{"allow":["GET"]}}],"collection":[{"href":"https:\/\/www.och-lco.ca\/fr\/wp-json\/wp\/v2\/pages"}],"about":[{"href":"https:\/\/www.och-lco.ca\/fr\/wp-json\/wp\/v2\/types\/page"}],"author":[{"embeddable":true,"href":"https:\/\/www.och-lco.ca\/fr\/wp-json\/wp\/v2\/users\/5"}],"replies":[{"embeddable":true,"href":"https:\/\/www.och-lco.ca\/fr\/wp-json\/wp\/v2\/comments?post=17569"}],"version-history":[{"count":0,"href":"https:\/\/www.och-lco.ca\/fr\/wp-json\/wp\/v2\/pages\/17569\/revisions"}],"up":[{"embeddable":true,"href":"https:\/\/www.och-lco.ca\/fr\/wp-json\/wp\/v2\/pages\/11917"}],"wp:featuredmedia":[{"embeddable":true,"href":"https:\/\/www.och-lco.ca\/fr\/wp-json\/wp\/v2\/media\/15881"}],"wp:attachment":[{"href":"https:\/\/www.och-lco.ca\/fr\/wp-json\/wp\/v2\/media?parent=17569"}],"curies":[{"name":"wp","href":"https:\/\/api.w.org\/{rel}","templated":true}]}}