{"id":18105,"date":"2025-04-22T15:22:33","date_gmt":"2025-04-22T19:22:33","guid":{"rendered":"https:\/\/www.och-lco.ca\/?page_id=18105"},"modified":"2025-04-22T16:11:23","modified_gmt":"2025-04-22T20:11:23","slug":"conception","status":"publish","type":"page","link":"https:\/\/www.och-lco.ca\/fr\/renseignements-administratifs\/strategie-de-developpement\/conception\/","title":{"rendered":"Conception"},"content":{"rendered":"\n<section class=\"section section--impact-area alignfull\" >\n  <div class=\"grid-container full fade-up-and-in\">\n    <div class=\"grid-x\">\n      <div class=\"cell medium-6\">\n                  <div class=\"impact-cell-inner text\">\n                          <h1>Conception<\/h1>\n                                      <h3>D\u00e9couvrez les b\u00e2timents et les projets sur lesquels nous travaillons.<\/h3>\n                                  <\/div>\n              <\/div>\n      <div class=\"cell medium-6\">\n                            <div class=\"impact-cell-inner image\">\n            <div class=\"impact-image\" style=\"background-image: url(https:\/\/www.och-lco.ca\/wp-content\/uploads\/2025\/04\/image001-3.png); background-position: center center; background-size: cover; background-repeat: no-repeat;\"><\/div>\n          <\/div>\n                        <\/div>\n    <\/div>\n  <\/div>\n<\/section>\n\n\n\n<section class=\"section section--new-construction alignfull\" >\n  <div class=\"grid-container\">\n    <div class=\"grid-x grid-padding-x align-middle\">\n      <div class=\"cell medium-10\">\n                          <p>LCO planifie actuellement la construction de centaines de nouveaux logements abordables \u00e0 Ottawa. Lorsqu\u2019une communaut\u00e9 est en \u00ab Conception \u00bb, il s\u2019agit d\u2019un d\u00e9veloppement qui peut avoir obtenu un financement et\/ou qui est en phase de planification et de conception.<br \/>\r\nD\u00e9couvrez les b\u00e2timents et les projets sur lesquels nous travaillons.<\/p>\n              <\/div>\n    <\/div>\n  <\/div>\n  <div class=\"grid-container new-construction-grid-container\">\n            <select class=\"category-redirect-filter\">\n      <!--<option value=\"https:\/\/www.och-lco.ca\/fr\/renseignements-administratifs\/strategie-de-developpement\/conception\/\">Toutes les cat\u00e9gories<\/option>-->\n              <!--<option value=\"https:\/\/www.och-lco.ca\/fr\/renseignements-administratifs\/strategie-de-developpement\/conception\/construction-category\/\" ><\/option>-->\n                    <option value=\"https:\/\/www.och-lco.ca\/fr\/renseignements-administratifs\/strategie-de-developpement\/conception\/\" selected>Conception<\/option>\n              <option value=\"https:\/\/www.och-lco.ca\/fr\/renseignements-administratifs\/strategie-de-developpement\/en-construction\/\" >En construction<\/option>\n              <option value=\"https:\/\/www.och-lco.ca\/fr\/renseignements-administratifs\/strategie-de-developpement\/nouvelles-constructions\/\" >Nouvelles communaut\u00e9s<\/option>\n              <option value=\"https:\/\/www.och-lco.ca\/fr\/renseignements-administratifs\/strategie-de-developpement\/revitalisation-communautaires\/\" >Revitalisations communautaires<\/option>\n          <\/select>\n    \t\t<div class=\"grid-x grid-padding-x new-construction-grid paginated-list\">\n\t\t          <div class=\"cell medium-6 large-4\">\n          <a href=\"https:\/\/www.och-lco.ca\/fr\/construction\/village-gladstone-phase-2\/\">\n                            <div class=\"featured-img-thumbnail\" style=\"background-image: url(https:\/\/www.och-lco.ca\/wp-content\/uploads\/2025\/12\/Gladstone-Village-Rendered-Concept-Plan_updated-rev-1-1024x798.png); background-size: cover; background-position: center center; background-repeat: no-repeat;\">\n                                    <div class=\"featured-img-taxonomy\">\n                    Conception                  <\/div>\n                                  <\/div>\n                        <h4>VILLAGE GLADSTONE Phase 2<\/h4>\n                                  <\/a>\n        <\/div>\n                <div class=\"cell medium-6 large-4\">\n          <a href=\"https:\/\/www.och-lco.ca\/fr\/construction\/prombyng\/\">\n                            <div class=\"featured-img-thumbnail\" style=\"background-image: url(https:\/\/www.och-lco.ca\/wp-content\/uploads\/2025\/05\/Rendering-1024x542.png); background-size: cover; background-position: center center; background-repeat: no-repeat;\">\n                                    <div class=\"featured-img-taxonomy\">\n                    Conception                  <\/div>\n                                  <\/div>\n                        <h4>PROMENADE BYNG<\/h4>\n                          <h5 class=\"construction-address\">Logements avec services de soutien \u2013 Futur site sur la promenade Byng<\/h5>\n                                  <\/a>\n        <\/div>\n                <div class=\"cell medium-6 large-4\">\n          <a href=\"https:\/\/www.och-lco.ca\/fr\/construction\/1750-1790-chemin-heatherington\/\">\n                            <div class=\"featured-img-thumbnail\" style=\"background-image: url(https:\/\/www.och-lco.ca\/wp-content\/uploads\/2025\/08\/HEATHERINGTON_MODEL-IMAGES-7-aug-2025-1024x553.png); background-size: cover; background-position: center center; background-repeat: no-repeat;\">\n                                    <div class=\"featured-img-taxonomy\">\n                    Conception                  <\/div>\n                                  <\/div>\n                        <h4>1750 et 1790, CHEMIN HEATHERINGTON<\/h4>\n                          <h5 class=\"construction-address\">1770, chemin Heatherington<\/h5>\n                                  <\/a>\n        <\/div>\n                <div class=\"cell medium-6 large-4\">\n          <a href=\"https:\/\/www.och-lco.ca\/fr\/construction\/place-geyser\/\">\n                            <div class=\"featured-img-thumbnail\" style=\"background-image: url(https:\/\/www.och-lco.ca\/wp-content\/uploads\/2025\/05\/mdv-vue-2-1024x576.jpg); background-size: cover; background-position: center center; background-repeat: no-repeat;\">\n                                    <div class=\"featured-img-taxonomy\">\n                    Conception                  <\/div>\n                                  <\/div>\n                        <h4>PLACE GEYSER<\/h4>\n                          <h5 class=\"construction-address\">Place Geyser<\/h5>\n                                  <\/a>\n        <\/div>\n                              <\/div>\n\t<\/div>\n<\/section>\n\n\n\n<section class=\"section section--icon-callouts bg-property-grey-light alignfull\" >\n  <div class=\"grid-container\">\n    <div class=\"grid-x grid-padding-x align-center\">\n          <\/div>\n            <div class=\"grid-x grid-padding-x align-center icon-callouts-grid\">\n                      <div class=\"cell medium-4 text-center\">\n                <div class=\"icon-callout--inner\">\n                                      <img decoding=\"async\" src=\"https:\/\/www.och-lco.ca\/wp-content\/uploads\/2023\/08\/noun-startup-1603342-1-blue.svg\" alt=\"Icon\">\n                                                                          <p>Dans un contexte \u00e9conomique difficile, LCO a r\u00e9ussi \u00e0 concilier son d\u00e9sir de rendre le monde meilleur et la n\u00e9cessit\u00e9 de mener des activit\u00e9s plus durables sur le plan financier.<\/p>\n                    \n                                    \t<a class=\"button\" href=\"https:\/\/www.och-lco.ca\/fr\/renseignements-administratifs\/environnement-developpement-durable\/\" target=\"_self\">Lisez le plan ECO\u00b2 <\/a>\n                                  <\/div>\n              <\/div>\n                            <div class=\"cell medium-4 text-center\">\n                <div class=\"icon-callout--inner\">\n                                      <img decoding=\"async\" src=\"https:\/\/www.och-lco.ca\/wp-content\/uploads\/2023\/08\/noun-handshake-1603584-1-blue.svg\" alt=\"Icon\">\n                                                                          <p>\u00c0 LCO, nos employ\u00e9s viennent de tous les horizons, repr\u00e9sentent tous les genres, tous les groupes d&rsquo;\u00e2ge, toutes les orientations sexuelles, parlent une multitude de langues et partagent des exp\u00e9riences et des perspectives diff\u00e9rentes. Nous ne voudrions pas qu&rsquo;il en soit autrement.<\/p>\n                    \n                                    \t<a class=\"button\" href=\"https:\/\/www.och-lco.ca\/fr\/renseignements-administratifs\/diversite-equite-inclusion\/\" target=\"_self\">Apprenez-en plus<\/a>\n                                  <\/div>\n              <\/div>\n                            <div class=\"cell medium-4 text-center\">\n                <div class=\"icon-callout--inner\">\n                                      <img decoding=\"async\" src=\"https:\/\/www.och-lco.ca\/wp-content\/uploads\/2023\/08\/noun-open-house-1604445-1-blue.svg\" alt=\"Icon\">\n                                                                          <p>LCO dispose d&rsquo;une Strat\u00e9gie de d\u00e9veloppement sur dix ans qui d\u00e9crit les plans de construction d&rsquo;un plus grand nombre de logements abordables. Le Plan d\u00e9cennal pour le logement et l&rsquo;itin\u00e9rance de la Ville d&rsquo;Ottawa vise \u00e0 ce que LCO ajoute en moyenne 300 logements abordables par an. <\/p>\n                    \n                                    \t<a class=\"button\" href=\"https:\/\/www.och-lco.ca\/fr\/renseignements-administratifs\/strategie-de-developpement\/\" target=\"_self\">Apprenez-en plus<\/a>\n                                  <\/div>\n              <\/div>\n                        <\/div>\n            <\/div>\n<\/section>\n","protected":false},"excerpt":{"rendered":"","protected":false},"author":3,"featured_media":6787,"parent":12162,"menu_order":7,"comment_status":"closed","ping_status":"closed","template":"","meta":{"_acf_changed":true,"footnotes":""},"class_list":["post-18105","page","type-page","status-publish","has-post-thumbnail","hentry"],"acf":[],"_links":{"self":[{"href":"https:\/\/www.och-lco.ca\/fr\/wp-json\/wp\/v2\/pages\/18105","targetHints":{"allow":["GET"]}}],"collection":[{"href":"https:\/\/www.och-lco.ca\/fr\/wp-json\/wp\/v2\/pages"}],"about":[{"href":"https:\/\/www.och-lco.ca\/fr\/wp-json\/wp\/v2\/types\/page"}],"author":[{"embeddable":true,"href":"https:\/\/www.och-lco.ca\/fr\/wp-json\/wp\/v2\/users\/3"}],"replies":[{"embeddable":true,"href":"https:\/\/www.och-lco.ca\/fr\/wp-json\/wp\/v2\/comments?post=18105"}],"version-history":[{"count":0,"href":"https:\/\/www.och-lco.ca\/fr\/wp-json\/wp\/v2\/pages\/18105\/revisions"}],"up":[{"embeddable":true,"href":"https:\/\/www.och-lco.ca\/fr\/wp-json\/wp\/v2\/pages\/12162"}],"wp:featuredmedia":[{"embeddable":true,"href":"https:\/\/www.och-lco.ca\/fr\/wp-json\/wp\/v2\/media\/6787"}],"wp:attachment":[{"href":"https:\/\/www.och-lco.ca\/fr\/wp-json\/wp\/v2\/media?parent=18105"}],"curies":[{"name":"wp","href":"https:\/\/api.w.org\/{rel}","templated":true}]}}