{"id":18766,"date":"2025-08-28T11:26:44","date_gmt":"2025-08-28T15:26:44","guid":{"rendered":"https:\/\/www.och-lco.ca\/project-guardian\/"},"modified":"2026-04-09T12:00:35","modified_gmt":"2026-04-09T16:00:35","slug":"projet-guardien","status":"publish","type":"page","link":"https:\/\/www.och-lco.ca\/fr\/renseignements-administratifs\/projet-guardien\/","title":{"rendered":"Projet Guardien"},"content":{"rendered":"\n<section class=\"section section--impact-area alignfull\" >\n  <div class=\"grid-container full fade-up-and-in\">\n    <div class=\"grid-x\">\n      <div class=\"cell medium-6\">\n                  <div class=\"impact-cell-inner text\">\n                          <h1>Le projet Guardien<\/h1>\n                                      <h3>Une initiative pluriannuelle par \u00e9tapes visant \u00e0 moderniser et \u00e0 renforcer l\u2019infrastructure des b\u00e2timents dans les propri\u00e9t\u00e9s de LCO. <\/h3>\n                                  <\/div>\n              <\/div>\n      <div class=\"cell medium-6\">\n                            <div class=\"impact-cell-inner image\">\n            <div class=\"impact-image\" style=\"background-image: url(https:\/\/www.och-lco.ca\/wp-content\/uploads\/2025\/08\/AdobeStock_440609733-1920x1195.jpeg); background-position: center center; background-size: cover; background-repeat: no-repeat;\"><\/div>\n          <\/div>\n                        <\/div>\n    <\/div>\n  <\/div>\n<\/section>\n\n\n\n<section class=\"section section--text-block alignfull bg-white\" >\n  <div class=\"grid-container\">\n    <div class=\"grid-x grid-padding-x align-middle align-center\">\n      <div class=\"cell text-center\">\n                                  <div class=\"large\">\n            <p><span class=\"TextRun SCXW210996067 BCX0\" lang=\"FR-CA\" xml:lang=\"FR-CA\" data-contrast=\"auto\"><span class=\"NormalTextRun SCXW210996067 BCX0\">En mettant en \u0153uvre une technologie de pointe dans les b\u00e2timents et les bureaux ayant des besoins <\/span><span class=\"NormalTextRun SCXW210996067 BCX0\">complexes<\/span><span class=\"NormalTextRun SCXW210996067 BCX0\">, le projet am\u00e9liore les syst\u00e8mes de contr\u00f4le d\u2019acc\u00e8s, de s\u00e9curit\u00e9 et de surveillance, assurant ainsi la s\u00e9curit\u00e9 et la r\u00e9silience de nos communaut\u00e9s aujourd\u2019hui et \u00e0 l\u2019avenir.<\/span><\/span><span class=\"EOP SCXW210996067 BCX0\" data-ccp-props=\"{&quot;134233117&quot;:false,&quot;134233118&quot;:false,&quot;201341983&quot;:0,&quot;335551550&quot;:1,&quot;335551620&quot;:1,&quot;335559685&quot;:0,&quot;335559737&quot;:0,&quot;335559738&quot;:0,&quot;335559739&quot;:200,&quot;335559740&quot;:276}\">\u00a0<\/span><\/p>\n<h2><span class=\"TextRun SCXW148506283 BCX0\" lang=\"FR-CA\" xml:lang=\"FR-CA\" data-contrast=\"none\"><span class=\"NormalTextRun SCXW148506283 BCX0\" data-ccp-parastyle=\"heading 2\">Port\u00e9e du projet<\/span><\/span><\/h2>\n<p><span class=\"TextRun SCXW193459157 BCX0\" lang=\"FR-CA\" xml:lang=\"FR-CA\" data-contrast=\"auto\"><span class=\"NormalTextRun SCXW193459157 BCX0\">S\u2019\u00e9tendant sur trois phases et quelque 35 b\u00e2timents, le projet <\/span><span class=\"NormalTextRun SpellingErrorV2Themed SCXW193459157 BCX0\">Guardi<\/span><span class=\"NormalTextRun SpellingErrorV2Themed SCXW193459157 BCX0\">e<\/span><span class=\"NormalTextRun SpellingErrorV2Themed SCXW193459157 BCX0\">n<\/span><span class=\"NormalTextRun SCXW193459157 BCX0\"> repr\u00e9sente un investissement de plus de 11 millions de dollars, touchant environ 13 000 locataires.<\/span><\/span><\/p>\n<p>&nbsp;<\/p>\n          <\/div>\n                      <\/div>\n    <\/div>\n  <\/div>\n<\/section>\n\n\n\n<section class=\"section section--icon-callouts bg-property-grey-light alignfull\" >\n  <div class=\"grid-container\">\n    <div class=\"grid-x grid-padding-x align-center\">\n              <div class=\"cell medium-10 text-center icon-callout--text\">\n                      <h2>Principaux avantages pour les locataires<\/h2>\n                            <\/div>\n          <\/div>\n            <div class=\"grid-x grid-padding-x align-center icon-callouts-grid\">\n                      <div class=\"cell medium-3 text-center\">\n                <div class=\"icon-callout--inner\">\n                                      <img decoding=\"async\" src=\"https:\/\/www.och-lco.ca\/wp-content\/uploads\/2023\/08\/noun-security-1607673-blue.svg\" alt=\"Icon\">\n                                                        <h4>Nouveaux syst\u00e8mes de cam\u00e9ras de s\u00e9curit\u00e9<\/h4>\n                                                        <p>1 920 cam\u00e9ras ont \u00e9t\u00e9 install\u00e9es pour am\u00e9liorer la surveillance et la s\u00e9curit\u00e9.<\/p>\n                    \n                                  <\/div>\n              <\/div>\n                            <div class=\"cell medium-3 text-center\">\n                <div class=\"icon-callout--inner\">\n                                      <img decoding=\"async\" src=\"https:\/\/www.och-lco.ca\/wp-content\/uploads\/2023\/08\/noun-telephone-resized-blue.svg\" alt=\"Icon\">\n                                                        <h4>Am\u00e9lioration de l\u2019acc\u00e8s \u00e0 l\u2019interphone<\/h4>\n                                                        <p>Les syst\u00e8mes d\u2019interphone ont \u00e9t\u00e9 d\u00e9plac\u00e9s \u00e0 l\u2019ext\u00e9rieur des b\u00e2timents, ce qui r\u00e9duit l\u2019acc\u00e8s non autoris\u00e9 et am\u00e9liore la s\u00e9curit\u00e9 dans les vestibules.<\/p>\n                    \n                                  <\/div>\n              <\/div>\n                            <div class=\"cell medium-3 text-center\">\n                <div class=\"icon-callout--inner\">\n                                      <img decoding=\"async\" src=\"https:\/\/www.och-lco.ca\/wp-content\/uploads\/2023\/08\/noun-house-check-1604415-1-blue.svg\" alt=\"Icon\">\n                                                        <h4>Technologie d\u2019entr\u00e9e am\u00e9lior\u00e9e<\/h4>\n                                                        <p>Les syst\u00e8mes de porte-cl\u00e9s d\u00e9suets ont \u00e9t\u00e9 remplac\u00e9s par un contr\u00f4le d\u2019acc\u00e8s moderne et simplifi\u00e9 \u00e0 775 portes.<\/p>\n                    \n                                  <\/div>\n              <\/div>\n                            <div class=\"cell medium-3 text-center\">\n                <div class=\"icon-callout--inner\">\n                                      <img decoding=\"async\" src=\"https:\/\/www.och-lco.ca\/wp-content\/uploads\/2023\/08\/noun-repair-1689580-1-blue.svg\" alt=\"Icon\">\n                                                        <h4>Modernisation de l\u2019infrastructure<\/h4>\n                                                        <p>Plus de 80 000 pieds (24 km) de conduits et 485 000 pieds (147 km) de c\u00e2blage ont \u00e9t\u00e9 install\u00e9s pour soutenir ces mises \u00e0 niveau.<\/p>\n                    \n                                  <\/div>\n              <\/div>\n                        <\/div>\n            <\/div>\n<\/section>\n\n\n\n<section class=\"section section--text-with-image alignfull\" >\n  <div class=\"grid-container\">\n    <div class=\"grid-x grid-padding-x align-middle\">\n      <div class=\"cell medium-6 small-order-2 medium-order-1\" style=\"width:50%;\">\n        <img decoding=\"async\" src=\"https:\/\/www.och-lco.ca\/wp-content\/uploads\/2025\/08\/AdobeStock_646862611-scaled-e1756394150932-1024x820.jpeg\" alt=\"Family, roof and insurance, support and protection at home with parents, child and happy in portrait. People in living room, shelter and care with safety and love, real estate or property with box\">\n      <\/div>\n      <div class=\"cell medium-6 small-order-1 medium-order-2\" style=\"width:50%;\">\n                  <h1 class=\"green\">Pourquoi est-ce important?<\/h1>\n                                  <p>La s\u00e9curit\u00e9 de nos locataires est une priorit\u00e9 absolue. Le projet Guardien am\u00e9liore non seulement la tranquillit\u00e9 d\u2019esprit, mais permet \u00e9galement aux \u00e9quipes de LCO de mieux surveiller la s\u00e9curit\u00e9 des b\u00e2timents, de rationaliser l\u2019acc\u00e8s et de soutenir les futures solutions num\u00e9riques. Ces am\u00e9liorations permettent aux locataires de naviguer plus facilement et en toute s\u00e9curit\u00e9 dans leurs immeubles tout en contribuant \u00e0 pr\u00e9server notre portefeuille de logements \u00e0 long terme. <\/p>\n                      <\/div>\n    <\/div>\n  <\/div>\n<\/section>\n\n\n\n<p><\/p>\n","protected":false},"excerpt":{"rendered":"","protected":false},"author":12,"featured_media":0,"parent":11917,"menu_order":0,"comment_status":"closed","ping_status":"closed","template":"","meta":{"_acf_changed":true,"footnotes":""},"class_list":["post-18766","page","type-page","status-publish","hentry"],"acf":[],"_links":{"self":[{"href":"https:\/\/www.och-lco.ca\/fr\/wp-json\/wp\/v2\/pages\/18766","targetHints":{"allow":["GET"]}}],"collection":[{"href":"https:\/\/www.och-lco.ca\/fr\/wp-json\/wp\/v2\/pages"}],"about":[{"href":"https:\/\/www.och-lco.ca\/fr\/wp-json\/wp\/v2\/types\/page"}],"author":[{"embeddable":true,"href":"https:\/\/www.och-lco.ca\/fr\/wp-json\/wp\/v2\/users\/12"}],"replies":[{"embeddable":true,"href":"https:\/\/www.och-lco.ca\/fr\/wp-json\/wp\/v2\/comments?post=18766"}],"version-history":[{"count":0,"href":"https:\/\/www.och-lco.ca\/fr\/wp-json\/wp\/v2\/pages\/18766\/revisions"}],"up":[{"embeddable":true,"href":"https:\/\/www.och-lco.ca\/fr\/wp-json\/wp\/v2\/pages\/11917"}],"wp:attachment":[{"href":"https:\/\/www.och-lco.ca\/fr\/wp-json\/wp\/v2\/media?parent=18766"}],"curies":[{"name":"wp","href":"https:\/\/api.w.org\/{rel}","templated":true}]}}